{"id":262,"date":"2022-07-18T13:57:23","date_gmt":"2022-07-18T13:57:23","guid":{"rendered":"http:\/\/speedytaxizakopane.pl\/?page_id=262"},"modified":"2022-07-18T14:41:12","modified_gmt":"2022-07-18T14:41:12","slug":"podhale","status":"publish","type":"page","link":"https:\/\/speedytaxizakopane.pl\/index.php\/podhale\/","title":{"rendered":"Podhale"},"content":{"rendered":"\n<p>Z nami dojedziesz do <span class=\"has-inline-color has-nv-c-2-color\">Term Podhala\u0144skich<\/span>:<br>&#8211; Bukowina Tatrza\u0144ska &#8211; Terma BUKOVINA<br>&#8211; Bia\u0142ka Tatrza\u0144ska &#8211; Terma BANIA<br>&#8211; Chocho\u0142\u00f3w &#8211; Termy CHOCHO\u0141OWSKIE<br>ale i na <span class=\"has-inline-color has-nv-c-2-color\">S\u0142owacj\u0119<\/span> :<br>&#8211; Liptovsk\u00fd Mikul\u00e1\u0161 &#8211; TATRALANDIA <br>&#8211; Poprad &#8211; Termy POPRAD<\/p>\n\n\n\n<div class=\"wp-block-image\"><figure class=\"alignright size-full is-resized\"><img loading=\"lazy\" decoding=\"async\" src=\"http:\/\/speedytaxizakopane.pl\/wp-content\/uploads\/2022\/07\/482-main-20-1551954060-1.jpg\" alt=\"\" class=\"wp-image-277\" width=\"369\" height=\"245\" srcset=\"https:\/\/speedytaxizakopane.pl\/wp-content\/uploads\/2022\/07\/482-main-20-1551954060-1.jpg 800w, https:\/\/speedytaxizakopane.pl\/wp-content\/uploads\/2022\/07\/482-main-20-1551954060-1-300x200.jpg 300w, https:\/\/speedytaxizakopane.pl\/wp-content\/uploads\/2022\/07\/482-main-20-1551954060-1-768x511.jpg 768w\" sizes=\"auto, (max-width: 369px) 100vw, 369px\" \/><\/figure><\/div>\n\n\n\n<p>Organizujemy r\u00f3wnie\u017c dow\u00f3z na <span class=\"has-inline-color has-nv-c-2-color\">szlaki Tatrza\u0144skie<\/span>!<br>&#8211; Palenica Bia\u0142cza\u0144ska &#8211; Morskie Oko<br>&#8211; Ku\u017anice <br>&#8211; Jaszczur\u00f3wka (wej\u015bcie na Nosal, Dolin\u0119 Olczysk\u0105)<br>&#8211; Dolina Chocho\u0142owska<br>&#8211; Dolina Ko\u015bcieliska<br>&#8211; Dolina Str\u0105\u017cyska<\/p>\n\n\n\n<p>Istnieje r\u00f3wnie\u017c mo\u017cliwo\u015b\u0107 transportu pod Schronisko na Morskim Oku (tylko dla os\u00f3b z orzeczeniem o niepe\u0142nosprawno\u015bci)<\/p>\n\n\n\n<figure class=\"wp-block-gallery columns-2 is-cropped wp-block-gallery-1 is-layout-flex wp-block-gallery-is-layout-flex\"><ul class=\"blocks-gallery-grid\"><li class=\"blocks-gallery-item\"><figure><img loading=\"lazy\" decoding=\"async\" width=\"1024\" height=\"683\" src=\"http:\/\/speedytaxizakopane.pl\/wp-content\/uploads\/2022\/07\/Projekt-bez-tytulu-1024x683.png\" alt=\"\" data-id=\"268\" data-link=\"http:\/\/speedytaxizakopane.pl\/index.php\/podhale\/projekt-bez-tytulu\/\" class=\"wp-image-268\" srcset=\"https:\/\/speedytaxizakopane.pl\/wp-content\/uploads\/2022\/07\/Projekt-bez-tytulu-1024x683.png 1024w, https:\/\/speedytaxizakopane.pl\/wp-content\/uploads\/2022\/07\/Projekt-bez-tytulu-300x200.png 300w, https:\/\/speedytaxizakopane.pl\/wp-content\/uploads\/2022\/07\/Projekt-bez-tytulu-768x512.png 768w, https:\/\/speedytaxizakopane.pl\/wp-content\/uploads\/2022\/07\/Projekt-bez-tytulu-930x620.png 930w, https:\/\/speedytaxizakopane.pl\/wp-content\/uploads\/2022\/07\/Projekt-bez-tytulu.png 1200w\" sizes=\"auto, (max-width: 1024px) 100vw, 1024px\" \/><\/figure><\/li><li class=\"blocks-gallery-item\"><figure><img loading=\"lazy\" decoding=\"async\" width=\"1024\" height=\"768\" src=\"http:\/\/speedytaxizakopane.pl\/wp-content\/uploads\/2022\/07\/292765388_2478631675612005_3422136059316217823_n-1024x768.jpg\" alt=\"\" data-id=\"269\" data-full-url=\"http:\/\/speedytaxizakopane.pl\/wp-content\/uploads\/2022\/07\/292765388_2478631675612005_3422136059316217823_n.jpg\" data-link=\"http:\/\/speedytaxizakopane.pl\/index.php\/podhale\/292765388_2478631675612005_3422136059316217823_n\/\" class=\"wp-image-269\" srcset=\"https:\/\/speedytaxizakopane.pl\/wp-content\/uploads\/2022\/07\/292765388_2478631675612005_3422136059316217823_n-1024x768.jpg 1024w, https:\/\/speedytaxizakopane.pl\/wp-content\/uploads\/2022\/07\/292765388_2478631675612005_3422136059316217823_n-300x225.jpg 300w, https:\/\/speedytaxizakopane.pl\/wp-content\/uploads\/2022\/07\/292765388_2478631675612005_3422136059316217823_n-768x576.jpg 768w, https:\/\/speedytaxizakopane.pl\/wp-content\/uploads\/2022\/07\/292765388_2478631675612005_3422136059316217823_n-1536x1152.jpg 1536w, https:\/\/speedytaxizakopane.pl\/wp-content\/uploads\/2022\/07\/292765388_2478631675612005_3422136059316217823_n.jpg 2048w\" sizes=\"auto, (max-width: 1024px) 100vw, 1024px\" \/><\/figure><\/li><\/ul><\/figure>\n\n\n\n<figure class=\"wp-block-gallery columns-3 is-cropped wp-block-gallery-2 is-layout-flex wp-block-gallery-is-layout-flex\"><ul class=\"blocks-gallery-grid\"><li class=\"blocks-gallery-item\"><figure><img loading=\"lazy\" decoding=\"async\" width=\"300\" height=\"225\" src=\"http:\/\/speedytaxizakopane.pl\/wp-content\/uploads\/2022\/07\/20220630_214449-300x225.jpg\" alt=\"\" data-id=\"270\" data-full-url=\"http:\/\/speedytaxizakopane.pl\/wp-content\/uploads\/2022\/07\/20220630_214449-scaled.jpg\" data-link=\"http:\/\/speedytaxizakopane.pl\/index.php\/podhale\/20220630_214449\/\" class=\"wp-image-270\" srcset=\"https:\/\/speedytaxizakopane.pl\/wp-content\/uploads\/2022\/07\/20220630_214449-300x225.jpg 300w, https:\/\/speedytaxizakopane.pl\/wp-content\/uploads\/2022\/07\/20220630_214449-1024x768.jpg 1024w, https:\/\/speedytaxizakopane.pl\/wp-content\/uploads\/2022\/07\/20220630_214449-768x576.jpg 768w, https:\/\/speedytaxizakopane.pl\/wp-content\/uploads\/2022\/07\/20220630_214449-1536x1152.jpg 1536w, https:\/\/speedytaxizakopane.pl\/wp-content\/uploads\/2022\/07\/20220630_214449-2048x1536.jpg 2048w\" sizes=\"auto, (max-width: 300px) 100vw, 300px\" \/><\/figure><\/li><li class=\"blocks-gallery-item\"><figure><img loading=\"lazy\" decoding=\"async\" width=\"300\" height=\"225\" src=\"http:\/\/speedytaxizakopane.pl\/wp-content\/uploads\/2022\/07\/20220705_113429-300x225.jpg\" alt=\"\" data-id=\"271\" data-full-url=\"http:\/\/speedytaxizakopane.pl\/wp-content\/uploads\/2022\/07\/20220705_113429-scaled.jpg\" data-link=\"http:\/\/speedytaxizakopane.pl\/index.php\/podhale\/20220705_113429\/\" class=\"wp-image-271\" srcset=\"https:\/\/speedytaxizakopane.pl\/wp-content\/uploads\/2022\/07\/20220705_113429-300x225.jpg 300w, https:\/\/speedytaxizakopane.pl\/wp-content\/uploads\/2022\/07\/20220705_113429-1024x768.jpg 1024w, https:\/\/speedytaxizakopane.pl\/wp-content\/uploads\/2022\/07\/20220705_113429-768x576.jpg 768w, https:\/\/speedytaxizakopane.pl\/wp-content\/uploads\/2022\/07\/20220705_113429-1536x1152.jpg 1536w, https:\/\/speedytaxizakopane.pl\/wp-content\/uploads\/2022\/07\/20220705_113429-2048x1536.jpg 2048w\" sizes=\"auto, (max-width: 300px) 100vw, 300px\" \/><\/figure><\/li><li class=\"blocks-gallery-item\"><figure><img loading=\"lazy\" decoding=\"async\" width=\"300\" height=\"225\" src=\"http:\/\/speedytaxizakopane.pl\/wp-content\/uploads\/2022\/07\/received_1215246175899795-300x225.jpeg\" alt=\"\" data-id=\"272\" data-full-url=\"http:\/\/speedytaxizakopane.pl\/wp-content\/uploads\/2022\/07\/received_1215246175899795.jpeg\" data-link=\"http:\/\/speedytaxizakopane.pl\/index.php\/podhale\/received_1215246175899795\/\" class=\"wp-image-272\" srcset=\"https:\/\/speedytaxizakopane.pl\/wp-content\/uploads\/2022\/07\/received_1215246175899795-300x225.jpeg 300w, https:\/\/speedytaxizakopane.pl\/wp-content\/uploads\/2022\/07\/received_1215246175899795-1024x768.jpeg 1024w, https:\/\/speedytaxizakopane.pl\/wp-content\/uploads\/2022\/07\/received_1215246175899795-768x576.jpeg 768w, https:\/\/speedytaxizakopane.pl\/wp-content\/uploads\/2022\/07\/received_1215246175899795-1536x1152.jpeg 1536w, https:\/\/speedytaxizakopane.pl\/wp-content\/uploads\/2022\/07\/received_1215246175899795.jpeg 2048w\" sizes=\"auto, (max-width: 300px) 100vw, 300px\" \/><\/figure><\/li><\/ul><\/figure>\n\n\n\n<div class=\"wp-block-cover has-background-dim\"><img loading=\"lazy\" decoding=\"async\" width=\"576\" height=\"1024\" class=\"wp-block-cover__image-background wp-image-273\" alt=\"\" src=\"http:\/\/speedytaxizakopane.pl\/wp-content\/uploads\/2022\/07\/20220628_093409-576x1024.jpg\" style=\"object-position:52% 44%\" data-object-fit=\"cover\" data-object-position=\"52% 44%\" srcset=\"https:\/\/speedytaxizakopane.pl\/wp-content\/uploads\/2022\/07\/20220628_093409-576x1024.jpg 576w, https:\/\/speedytaxizakopane.pl\/wp-content\/uploads\/2022\/07\/20220628_093409-169x300.jpg 169w, https:\/\/speedytaxizakopane.pl\/wp-content\/uploads\/2022\/07\/20220628_093409-768x1366.jpg 768w, https:\/\/speedytaxizakopane.pl\/wp-content\/uploads\/2022\/07\/20220628_093409-864x1536.jpg 864w, https:\/\/speedytaxizakopane.pl\/wp-content\/uploads\/2022\/07\/20220628_093409-1152x2048.jpg 1152w, https:\/\/speedytaxizakopane.pl\/wp-content\/uploads\/2022\/07\/20220628_093409-scaled.jpg 1440w\" sizes=\"auto, (max-width: 576px) 100vw, 576px\" \/><div class=\"wp-block-cover__inner-container is-layout-flow wp-block-cover-is-layout-flow\">\n<p><span class=\"has-inline-color has-nv-dark-bg-color\">Dojazd nad Morskie Oko<\/span><\/p>\n<\/div><\/div>\n","protected":false},"excerpt":{"rendered":"<p>Z nami dojedziesz do Term Podhala\u0144skich:&#8211; Bukowina Tatrza\u0144ska &#8211; Terma BUKOVINA&#8211; Bia\u0142ka Tatrza\u0144ska &#8211; Terma BANIA&#8211; Chocho\u0142\u00f3w &#8211; Termy CHOCHO\u0141OWSKIEale i na S\u0142owacj\u0119 :&#8211; Liptovsk\u00fd Mikul\u00e1\u0161 &#8211; TATRALANDIA &#8211; Poprad &#8211; Termy POPRAD Organizujemy r\u00f3wnie\u017c dow\u00f3z na szlaki Tatrza\u0144skie!&#8211; Palenica Bia\u0142cza\u0144ska &#8211; Morskie Oko&#8211; Ku\u017anice &#8211; Jaszczur\u00f3wka (wej\u015bcie na Nosal, Dolin\u0119 Olczysk\u0105)&#8211; Dolina Chocho\u0142owska&#8211; Dolina&hellip;&nbsp;<a href=\"https:\/\/speedytaxizakopane.pl\/index.php\/podhale\/\" class=\"\" rel=\"bookmark\">Czytaj dalej &raquo;<span class=\"screen-reader-text\">Podhale<\/span><\/a><\/p>\n","protected":false},"author":1,"featured_media":0,"parent":0,"menu_order":0,"comment_status":"closed","ping_status":"closed","template":"","meta":{"om_disable_all_campaigns":false,"_monsterinsights_skip_tracking":false,"_monsterinsights_sitenote_active":false,"_monsterinsights_sitenote_note":"","_monsterinsights_sitenote_category":0,"_uf_show_specific_survey":0,"_uf_disable_surveys":false,"neve_meta_sidebar":"","neve_meta_container":"","neve_meta_enable_content_width":"","neve_meta_content_width":0,"neve_meta_title_alignment":"","neve_meta_author_avatar":"","neve_post_elements_order":"","neve_meta_disable_header":"","neve_meta_disable_footer":"","neve_meta_disable_title":"","footnotes":""},"class_list":["post-262","page","type-page","status-publish","hentry"],"aioseo_notices":[],"_links":{"self":[{"href":"https:\/\/speedytaxizakopane.pl\/index.php\/wp-json\/wp\/v2\/pages\/262","targetHints":{"allow":["GET"]}}],"collection":[{"href":"https:\/\/speedytaxizakopane.pl\/index.php\/wp-json\/wp\/v2\/pages"}],"about":[{"href":"https:\/\/speedytaxizakopane.pl\/index.php\/wp-json\/wp\/v2\/types\/page"}],"author":[{"embeddable":true,"href":"https:\/\/speedytaxizakopane.pl\/index.php\/wp-json\/wp\/v2\/users\/1"}],"replies":[{"embeddable":true,"href":"https:\/\/speedytaxizakopane.pl\/index.php\/wp-json\/wp\/v2\/comments?post=262"}],"version-history":[{"count":4,"href":"https:\/\/speedytaxizakopane.pl\/index.php\/wp-json\/wp\/v2\/pages\/262\/revisions"}],"predecessor-version":[{"id":279,"href":"https:\/\/speedytaxizakopane.pl\/index.php\/wp-json\/wp\/v2\/pages\/262\/revisions\/279"}],"wp:attachment":[{"href":"https:\/\/speedytaxizakopane.pl\/index.php\/wp-json\/wp\/v2\/media?parent=262"}],"curies":[{"name":"wp","href":"https:\/\/api.w.org\/{rel}","templated":true}]}}