{"id":29,"date":"2021-08-31T10:35:33","date_gmt":"2021-08-31T10:35:33","guid":{"rendered":"http:\/\/speedytaxizakopane.pl\/?page_id=29"},"modified":"2022-07-20T10:54:17","modified_gmt":"2022-07-20T10:54:17","slug":"splyw-dunajcem","status":"publish","type":"page","link":"https:\/\/speedytaxizakopane.pl\/index.php\/splyw-dunajcem\/","title":{"rendered":"Sp\u0142yw Dunajcem"},"content":{"rendered":"\n<div class=\"wp-block-columns is-layout-flex wp-container-core-columns-is-layout-1 wp-block-columns-is-layout-flex\">\n<div class=\"wp-block-column is-layout-flow wp-block-column-is-layout-flow\">\n<figure class=\"wp-block-image size-full\"><img loading=\"lazy\" decoding=\"async\" width=\"1024\" height=\"768\" src=\"http:\/\/speedytaxizakopane.pl\/wp-content\/uploads\/2021\/09\/splyw_dunajcem_speedy_taxi_zakopane_1024_1-4.jpg\" alt=\"Sp\u0142yw Dunajcem - Speedy Taxi Zakopane\" class=\"wp-image-169\" srcset=\"https:\/\/speedytaxizakopane.pl\/wp-content\/uploads\/2021\/09\/splyw_dunajcem_speedy_taxi_zakopane_1024_1-4.jpg 1024w, https:\/\/speedytaxizakopane.pl\/wp-content\/uploads\/2021\/09\/splyw_dunajcem_speedy_taxi_zakopane_1024_1-4-300x225.jpg 300w, https:\/\/speedytaxizakopane.pl\/wp-content\/uploads\/2021\/09\/splyw_dunajcem_speedy_taxi_zakopane_1024_1-4-768x576.jpg 768w\" sizes=\"auto, (max-width: 1024px) 100vw, 1024px\" \/><figcaption>Sp\u0142yw Dunajcem &#8211; Speedy Taxi Zakopane<\/figcaption><\/figure>\n<\/div>\n\n\n\n<div class=\"wp-block-column is-layout-flow wp-block-column-is-layout-flow\">\n<p><\/p>\n\n\n\n<p><strong><span class=\"has-inline-color has-nv-c-2-color\">Wyjazdy organizowane s\u0105 codziennie<\/span><\/strong><br><br>Wyjazd oko\u0142o godz. 9:00<br>powr\u00f3t w okolicach godz. 16:00<br><strong><span class=\"has-inline-color has-nv-c-2-color\">Koszt : <\/span><\/strong><br>&#8211; 150 z\u0142 od osoby doros\u0142ej<br>&#8211; 140 z\u0142 od dziecka do 10 roku \u017cycia (dzieci do 3 roku \u017cycia &#8211; na kolanach u rodzic\u00f3w &#8211; GRATIS)<\/p>\n<\/div>\n<\/div>\n\n\n\n<div class=\"wp-block-buttons is-content-justification-center is-layout-flex wp-block-buttons-is-layout-flex\">\n<div class=\"wp-block-button\"><a class=\"wp-block-button__link has-neve-link-color-color has-neve-link-hover-color-background-color has-text-color has-background\" href=\"tel:+48660746166\">ZAREZERWUJ TERAZ<\/a><\/div>\n<\/div>\n\n\n\n<p><strong>Plan wycieczki:<\/strong><\/p>\n\n\n\n<p>Odbieramy Pa\u0144stwa z miejsca zakwaterowania, jedziemy 9 osobowymi busikami, nie autokarem, co pozwala nam na wybranie malowniczej trasy. Najpierw jedziemy na punkt widokowy na\u00a0<strong><span class=\"has-inline-color has-nv-c-2-color\">\u0141apszank\u0119<\/span><\/strong>, przeje\u017cd\u017camy przez malownicz\u0105 XVI wieczn\u0105 wiosk\u0119\u00a0<strong><span class=\"has-inline-color has-nv-c-2-color\">Ostur\u0148a<\/span><\/strong>. Kolejnym punktem jest\u00a0<strong><span class=\"has-inline-color has-nv-c-2-color\">sp\u0142yw tratwami tradycyjnymi, degustacja alkoholi<\/span><\/strong>\u00a0i\u00a0<strong><span class=\"has-inline-color has-nv-c-2-color\">bac\u00f3wka<\/span>,\u00a0<\/strong>w kt\u00f3rej degustuje si\u0119 przepyszne regionalne sery. Na sam koniec pozostawiamy odwiedziny w\u00a0<span class=\"has-inline-color has-nv-c-2-color\"><strong>Niedzicy<\/strong><\/span>, gdzie mo\u017cna przespacerowa\u0107 si\u0119 po ziemno-betonowej zaporze o d\u0142ugo\u015bci 400 m i wysoko\u015bci oko\u0142o 50 m.<\/p>\n\n\n\n<p>Oferujemy mo\u017cliwo\u015b\u0107 urozmaicenia trasy.<\/p>\n\n\n\n<div style=\"height:100px\" aria-hidden=\"true\" class=\"wp-block-spacer\"><\/div>\n\n\n\n<figure class=\"wp-block-gallery columns-3 is-cropped wp-block-gallery-1 is-layout-flex wp-block-gallery-is-layout-flex\"><ul class=\"blocks-gallery-grid\"><li class=\"blocks-gallery-item\"><figure><img loading=\"lazy\" decoding=\"async\" width=\"1024\" height=\"768\" src=\"http:\/\/speedytaxizakopane.pl\/wp-content\/uploads\/2021\/09\/splyw_dunajcem_speedy_taxi_zakopane_1024_3-2.jpg\" alt=\"Sp\u0142yw Dunajcem - Speedy Taxi Zakopane\" data-id=\"171\" data-full-url=\"http:\/\/speedytaxizakopane.pl\/wp-content\/uploads\/2021\/09\/splyw_dunajcem_speedy_taxi_zakopane_1024_3-2.jpg\" data-link=\"http:\/\/speedytaxizakopane.pl\/index.php\/splyw-dunajcem\/splyw_dunajcem_speedy_taxi_zakopane_1024_3-2\/\" class=\"wp-image-171\" srcset=\"https:\/\/speedytaxizakopane.pl\/wp-content\/uploads\/2021\/09\/splyw_dunajcem_speedy_taxi_zakopane_1024_3-2.jpg 1024w, https:\/\/speedytaxizakopane.pl\/wp-content\/uploads\/2021\/09\/splyw_dunajcem_speedy_taxi_zakopane_1024_3-2-300x225.jpg 300w, https:\/\/speedytaxizakopane.pl\/wp-content\/uploads\/2021\/09\/splyw_dunajcem_speedy_taxi_zakopane_1024_3-2-768x576.jpg 768w\" sizes=\"auto, (max-width: 1024px) 100vw, 1024px\" \/><figcaption class=\"blocks-gallery-item__caption\">Sp\u0142yw Dunajcem &#8211; Speedy Taxi Zakopane<\/figcaption><\/figure><\/li><li class=\"blocks-gallery-item\"><figure><img loading=\"lazy\" decoding=\"async\" width=\"1024\" height=\"768\" src=\"http:\/\/speedytaxizakopane.pl\/wp-content\/uploads\/2021\/09\/splyw_dunajcem_speedy_taxi_zakopane_1024_1-4.jpg\" alt=\"Sp\u0142yw Dunajcem - Speedy Taxi Zakopane\" data-id=\"169\" data-full-url=\"http:\/\/speedytaxizakopane.pl\/wp-content\/uploads\/2021\/09\/splyw_dunajcem_speedy_taxi_zakopane_1024_1-4.jpg\" data-link=\"http:\/\/speedytaxizakopane.pl\/index.php\/splyw-dunajcem\/splyw_dunajcem_speedy_taxi_zakopane_1024_1-4\/\" class=\"wp-image-169\" srcset=\"https:\/\/speedytaxizakopane.pl\/wp-content\/uploads\/2021\/09\/splyw_dunajcem_speedy_taxi_zakopane_1024_1-4.jpg 1024w, https:\/\/speedytaxizakopane.pl\/wp-content\/uploads\/2021\/09\/splyw_dunajcem_speedy_taxi_zakopane_1024_1-4-300x225.jpg 300w, https:\/\/speedytaxizakopane.pl\/wp-content\/uploads\/2021\/09\/splyw_dunajcem_speedy_taxi_zakopane_1024_1-4-768x576.jpg 768w\" sizes=\"auto, (max-width: 1024px) 100vw, 1024px\" \/><figcaption class=\"blocks-gallery-item__caption\">Sp\u0142yw Dunajcem &#8211; Speedy Taxi Zakopane<\/figcaption><\/figure><\/li><li class=\"blocks-gallery-item\"><figure><img loading=\"lazy\" decoding=\"async\" width=\"1024\" height=\"768\" src=\"http:\/\/speedytaxizakopane.pl\/wp-content\/uploads\/2021\/09\/splyw_dunajcem_speedy_taxi_zakopane_1024_4-2.jpg\" alt=\"Sp\u0142yw Dunajcem - Speedy Taxi Zakopane\" data-id=\"172\" data-full-url=\"http:\/\/speedytaxizakopane.pl\/wp-content\/uploads\/2021\/09\/splyw_dunajcem_speedy_taxi_zakopane_1024_4-2.jpg\" data-link=\"http:\/\/speedytaxizakopane.pl\/index.php\/splyw-dunajcem\/splyw_dunajcem_speedy_taxi_zakopane_1024_4-2\/\" class=\"wp-image-172\" srcset=\"https:\/\/speedytaxizakopane.pl\/wp-content\/uploads\/2021\/09\/splyw_dunajcem_speedy_taxi_zakopane_1024_4-2.jpg 1024w, https:\/\/speedytaxizakopane.pl\/wp-content\/uploads\/2021\/09\/splyw_dunajcem_speedy_taxi_zakopane_1024_4-2-300x225.jpg 300w, https:\/\/speedytaxizakopane.pl\/wp-content\/uploads\/2021\/09\/splyw_dunajcem_speedy_taxi_zakopane_1024_4-2-768x576.jpg 768w\" sizes=\"auto, (max-width: 1024px) 100vw, 1024px\" \/><figcaption class=\"blocks-gallery-item__caption\">Sp\u0142yw Dunajcem &#8211; Speedy Taxi Zakopane<\/figcaption><\/figure><\/li><li class=\"blocks-gallery-item\"><figure><img loading=\"lazy\" decoding=\"async\" width=\"1024\" height=\"768\" src=\"http:\/\/speedytaxizakopane.pl\/wp-content\/uploads\/2021\/09\/splyw_dunajcem_speedy_taxi_zakopane_1024_2-2.jpg\" alt=\"Sp\u0142yw Dunajcem - Speedy Taxi Zakopane\" data-id=\"170\" data-full-url=\"http:\/\/speedytaxizakopane.pl\/wp-content\/uploads\/2021\/09\/splyw_dunajcem_speedy_taxi_zakopane_1024_2-2.jpg\" data-link=\"http:\/\/speedytaxizakopane.pl\/index.php\/splyw-dunajcem\/splyw_dunajcem_speedy_taxi_zakopane_1024_2-2\/\" class=\"wp-image-170\" srcset=\"https:\/\/speedytaxizakopane.pl\/wp-content\/uploads\/2021\/09\/splyw_dunajcem_speedy_taxi_zakopane_1024_2-2.jpg 1024w, https:\/\/speedytaxizakopane.pl\/wp-content\/uploads\/2021\/09\/splyw_dunajcem_speedy_taxi_zakopane_1024_2-2-300x225.jpg 300w, https:\/\/speedytaxizakopane.pl\/wp-content\/uploads\/2021\/09\/splyw_dunajcem_speedy_taxi_zakopane_1024_2-2-768x576.jpg 768w\" sizes=\"auto, (max-width: 1024px) 100vw, 1024px\" \/><figcaption class=\"blocks-gallery-item__caption\">Sp\u0142yw Dunajcem &#8211; Speedy Taxi Zakopane<\/figcaption><\/figure><\/li><\/ul><\/figure>\n\n\n\n<figure class=\"wp-block-gallery columns-2 is-cropped wp-block-gallery-2 is-layout-flex wp-block-gallery-is-layout-flex\"><ul class=\"blocks-gallery-grid\"><li class=\"blocks-gallery-item\"><figure><img loading=\"lazy\" decoding=\"async\" width=\"1024\" height=\"768\" src=\"http:\/\/speedytaxizakopane.pl\/wp-content\/uploads\/2022\/07\/20220714_153230-1-1024x768.jpg\" alt=\"\" data-id=\"240\" data-full-url=\"http:\/\/speedytaxizakopane.pl\/wp-content\/uploads\/2022\/07\/20220714_153230-1-scaled.jpg\" data-link=\"http:\/\/speedytaxizakopane.pl\/index.php\/splyw-dunajcem\/20220714_153230-1\/\" class=\"wp-image-240\" srcset=\"https:\/\/speedytaxizakopane.pl\/wp-content\/uploads\/2022\/07\/20220714_153230-1-1024x768.jpg 1024w, https:\/\/speedytaxizakopane.pl\/wp-content\/uploads\/2022\/07\/20220714_153230-1-300x225.jpg 300w, https:\/\/speedytaxizakopane.pl\/wp-content\/uploads\/2022\/07\/20220714_153230-1-768x576.jpg 768w, https:\/\/speedytaxizakopane.pl\/wp-content\/uploads\/2022\/07\/20220714_153230-1-1536x1152.jpg 1536w, https:\/\/speedytaxizakopane.pl\/wp-content\/uploads\/2022\/07\/20220714_153230-1-2048x1536.jpg 2048w\" sizes=\"auto, (max-width: 1024px) 100vw, 1024px\" \/><\/figure><\/li><li class=\"blocks-gallery-item\"><figure><img loading=\"lazy\" decoding=\"async\" width=\"1024\" height=\"768\" src=\"http:\/\/speedytaxizakopane.pl\/wp-content\/uploads\/2022\/07\/20220605_103003-1024x768.jpg\" alt=\"\" data-id=\"241\" data-full-url=\"http:\/\/speedytaxizakopane.pl\/wp-content\/uploads\/2022\/07\/20220605_103003-scaled.jpg\" data-link=\"http:\/\/speedytaxizakopane.pl\/index.php\/splyw-dunajcem\/20220605_103003\/\" class=\"wp-image-241\" srcset=\"https:\/\/speedytaxizakopane.pl\/wp-content\/uploads\/2022\/07\/20220605_103003-1024x768.jpg 1024w, https:\/\/speedytaxizakopane.pl\/wp-content\/uploads\/2022\/07\/20220605_103003-300x225.jpg 300w, https:\/\/speedytaxizakopane.pl\/wp-content\/uploads\/2022\/07\/20220605_103003-768x576.jpg 768w, https:\/\/speedytaxizakopane.pl\/wp-content\/uploads\/2022\/07\/20220605_103003-1536x1152.jpg 1536w, https:\/\/speedytaxizakopane.pl\/wp-content\/uploads\/2022\/07\/20220605_103003-2048x1536.jpg 2048w\" sizes=\"auto, (max-width: 1024px) 100vw, 1024px\" \/><\/figure><\/li><\/ul><\/figure>\n\n\n\n<figure class=\"wp-block-gallery columns-3 is-cropped wp-block-gallery-3 is-layout-flex wp-block-gallery-is-layout-flex\"><ul class=\"blocks-gallery-grid\"><li class=\"blocks-gallery-item\"><figure><img loading=\"lazy\" decoding=\"async\" width=\"1024\" height=\"768\" src=\"http:\/\/speedytaxizakopane.pl\/wp-content\/uploads\/2022\/07\/20220719_093707-1024x768.jpg\" alt=\"\" data-id=\"306\" data-full-url=\"http:\/\/speedytaxizakopane.pl\/wp-content\/uploads\/2022\/07\/20220719_093707-scaled.jpg\" data-link=\"http:\/\/speedytaxizakopane.pl\/index.php\/splyw-dunajcem\/20220719_093707\/\" class=\"wp-image-306\" srcset=\"https:\/\/speedytaxizakopane.pl\/wp-content\/uploads\/2022\/07\/20220719_093707-1024x768.jpg 1024w, https:\/\/speedytaxizakopane.pl\/wp-content\/uploads\/2022\/07\/20220719_093707-300x225.jpg 300w, https:\/\/speedytaxizakopane.pl\/wp-content\/uploads\/2022\/07\/20220719_093707-768x576.jpg 768w, https:\/\/speedytaxizakopane.pl\/wp-content\/uploads\/2022\/07\/20220719_093707-1536x1152.jpg 1536w, https:\/\/speedytaxizakopane.pl\/wp-content\/uploads\/2022\/07\/20220719_093707-2048x1536.jpg 2048w\" sizes=\"auto, (max-width: 1024px) 100vw, 1024px\" \/><\/figure><\/li><li class=\"blocks-gallery-item\"><figure><img loading=\"lazy\" decoding=\"async\" width=\"1024\" height=\"768\" src=\"http:\/\/speedytaxizakopane.pl\/wp-content\/uploads\/2022\/07\/20220719_093755-1024x768.jpg\" alt=\"\" data-id=\"307\" data-full-url=\"http:\/\/speedytaxizakopane.pl\/wp-content\/uploads\/2022\/07\/20220719_093755-scaled.jpg\" data-link=\"http:\/\/speedytaxizakopane.pl\/index.php\/splyw-dunajcem\/20220719_093755\/\" class=\"wp-image-307\" srcset=\"https:\/\/speedytaxizakopane.pl\/wp-content\/uploads\/2022\/07\/20220719_093755-1024x768.jpg 1024w, https:\/\/speedytaxizakopane.pl\/wp-content\/uploads\/2022\/07\/20220719_093755-300x225.jpg 300w, https:\/\/speedytaxizakopane.pl\/wp-content\/uploads\/2022\/07\/20220719_093755-768x576.jpg 768w, https:\/\/speedytaxizakopane.pl\/wp-content\/uploads\/2022\/07\/20220719_093755-1536x1152.jpg 1536w, https:\/\/speedytaxizakopane.pl\/wp-content\/uploads\/2022\/07\/20220719_093755-2048x1536.jpg 2048w\" sizes=\"auto, (max-width: 1024px) 100vw, 1024px\" \/><\/figure><\/li><li class=\"blocks-gallery-item\"><figure><img loading=\"lazy\" decoding=\"async\" width=\"1024\" height=\"768\" src=\"http:\/\/speedytaxizakopane.pl\/wp-content\/uploads\/2022\/07\/20220719_140824-1024x768.jpg\" alt=\"\" data-id=\"310\" data-full-url=\"http:\/\/speedytaxizakopane.pl\/wp-content\/uploads\/2022\/07\/20220719_140824-scaled.jpg\" data-link=\"http:\/\/speedytaxizakopane.pl\/index.php\/splyw-dunajcem\/20220719_140824\/\" class=\"wp-image-310\" srcset=\"https:\/\/speedytaxizakopane.pl\/wp-content\/uploads\/2022\/07\/20220719_140824-1024x768.jpg 1024w, https:\/\/speedytaxizakopane.pl\/wp-content\/uploads\/2022\/07\/20220719_140824-300x225.jpg 300w, https:\/\/speedytaxizakopane.pl\/wp-content\/uploads\/2022\/07\/20220719_140824-768x576.jpg 768w, https:\/\/speedytaxizakopane.pl\/wp-content\/uploads\/2022\/07\/20220719_140824-1536x1152.jpg 1536w, https:\/\/speedytaxizakopane.pl\/wp-content\/uploads\/2022\/07\/20220719_140824-2048x1536.jpg 2048w\" sizes=\"auto, (max-width: 1024px) 100vw, 1024px\" \/><\/figure><\/li><li class=\"blocks-gallery-item\"><figure><img loading=\"lazy\" decoding=\"async\" width=\"1024\" height=\"768\" src=\"http:\/\/speedytaxizakopane.pl\/wp-content\/uploads\/2022\/07\/20220719_102852-1024x768.jpg\" alt=\"\" data-id=\"308\" data-full-url=\"http:\/\/speedytaxizakopane.pl\/wp-content\/uploads\/2022\/07\/20220719_102852-scaled.jpg\" data-link=\"http:\/\/speedytaxizakopane.pl\/index.php\/splyw-dunajcem\/20220719_102852\/\" class=\"wp-image-308\" srcset=\"https:\/\/speedytaxizakopane.pl\/wp-content\/uploads\/2022\/07\/20220719_102852-1024x768.jpg 1024w, https:\/\/speedytaxizakopane.pl\/wp-content\/uploads\/2022\/07\/20220719_102852-300x225.jpg 300w, https:\/\/speedytaxizakopane.pl\/wp-content\/uploads\/2022\/07\/20220719_102852-768x576.jpg 768w, https:\/\/speedytaxizakopane.pl\/wp-content\/uploads\/2022\/07\/20220719_102852-1536x1152.jpg 1536w, https:\/\/speedytaxizakopane.pl\/wp-content\/uploads\/2022\/07\/20220719_102852-2048x1536.jpg 2048w\" sizes=\"auto, (max-width: 1024px) 100vw, 1024px\" \/><\/figure><\/li><li class=\"blocks-gallery-item\"><figure><img loading=\"lazy\" decoding=\"async\" width=\"768\" height=\"1024\" src=\"http:\/\/speedytaxizakopane.pl\/wp-content\/uploads\/2022\/07\/20220719_133727-768x1024.jpg\" alt=\"\" data-id=\"309\" data-full-url=\"http:\/\/speedytaxizakopane.pl\/wp-content\/uploads\/2022\/07\/20220719_133727-scaled.jpg\" data-link=\"http:\/\/speedytaxizakopane.pl\/index.php\/splyw-dunajcem\/20220719_133727\/\" class=\"wp-image-309\" srcset=\"https:\/\/speedytaxizakopane.pl\/wp-content\/uploads\/2022\/07\/20220719_133727-768x1024.jpg 768w, https:\/\/speedytaxizakopane.pl\/wp-content\/uploads\/2022\/07\/20220719_133727-225x300.jpg 225w, https:\/\/speedytaxizakopane.pl\/wp-content\/uploads\/2022\/07\/20220719_133727-1152x1536.jpg 1152w, https:\/\/speedytaxizakopane.pl\/wp-content\/uploads\/2022\/07\/20220719_133727-1536x2048.jpg 1536w, https:\/\/speedytaxizakopane.pl\/wp-content\/uploads\/2022\/07\/20220719_133727-scaled.jpg 1920w\" sizes=\"auto, (max-width: 768px) 100vw, 768px\" \/><\/figure><\/li><li class=\"blocks-gallery-item\"><figure><img loading=\"lazy\" decoding=\"async\" width=\"1024\" height=\"768\" src=\"http:\/\/speedytaxizakopane.pl\/wp-content\/uploads\/2022\/07\/20220719_143848-1024x768.jpg\" alt=\"\" data-id=\"311\" data-full-url=\"http:\/\/speedytaxizakopane.pl\/wp-content\/uploads\/2022\/07\/20220719_143848-scaled.jpg\" data-link=\"http:\/\/speedytaxizakopane.pl\/index.php\/splyw-dunajcem\/20220719_143848\/\" class=\"wp-image-311\" srcset=\"https:\/\/speedytaxizakopane.pl\/wp-content\/uploads\/2022\/07\/20220719_143848-1024x768.jpg 1024w, https:\/\/speedytaxizakopane.pl\/wp-content\/uploads\/2022\/07\/20220719_143848-300x225.jpg 300w, https:\/\/speedytaxizakopane.pl\/wp-content\/uploads\/2022\/07\/20220719_143848-768x576.jpg 768w, https:\/\/speedytaxizakopane.pl\/wp-content\/uploads\/2022\/07\/20220719_143848-1536x1152.jpg 1536w, https:\/\/speedytaxizakopane.pl\/wp-content\/uploads\/2022\/07\/20220719_143848-2048x1536.jpg 2048w\" sizes=\"auto, (max-width: 1024px) 100vw, 1024px\" \/><\/figure><\/li><\/ul><\/figure>\n","protected":false},"excerpt":{"rendered":"<p>Wyjazdy organizowane s\u0105 codziennie Wyjazd oko\u0142o godz. 9:00powr\u00f3t w okolicach godz. 16:00Koszt : &#8211; 150 z\u0142 od osoby doros\u0142ej&#8211; 140 z\u0142 od dziecka do 10 roku \u017cycia (dzieci do 3 roku \u017cycia &#8211; na kolanach u rodzic\u00f3w &#8211; GRATIS) Plan wycieczki: Odbieramy Pa\u0144stwa z miejsca zakwaterowania, jedziemy 9 osobowymi busikami, nie autokarem, co pozwala nam&hellip;&nbsp;<a href=\"https:\/\/speedytaxizakopane.pl\/index.php\/splyw-dunajcem\/\" class=\"\" rel=\"bookmark\">Czytaj dalej &raquo;<span class=\"screen-reader-text\">Sp\u0142yw Dunajcem<\/span><\/a><\/p>\n","protected":false},"author":1,"featured_media":0,"parent":0,"menu_order":0,"comment_status":"closed","ping_status":"closed","template":"","meta":{"om_disable_all_campaigns":false,"_monsterinsights_skip_tracking":false,"_monsterinsights_sitenote_active":false,"_monsterinsights_sitenote_note":"","_monsterinsights_sitenote_category":0,"_uf_show_specific_survey":0,"_uf_disable_surveys":false,"neve_meta_sidebar":"","neve_meta_container":"","neve_meta_enable_content_width":"","neve_meta_content_width":0,"neve_meta_title_alignment":"","neve_meta_author_avatar":"","neve_post_elements_order":"","neve_meta_disable_header":"","neve_meta_disable_footer":"","neve_meta_disable_title":"","footnotes":""},"class_list":["post-29","page","type-page","status-publish","hentry"],"aioseo_notices":[],"_links":{"self":[{"href":"https:\/\/speedytaxizakopane.pl\/index.php\/wp-json\/wp\/v2\/pages\/29","targetHints":{"allow":["GET"]}}],"collection":[{"href":"https:\/\/speedytaxizakopane.pl\/index.php\/wp-json\/wp\/v2\/pages"}],"about":[{"href":"https:\/\/speedytaxizakopane.pl\/index.php\/wp-json\/wp\/v2\/types\/page"}],"author":[{"embeddable":true,"href":"https:\/\/speedytaxizakopane.pl\/index.php\/wp-json\/wp\/v2\/users\/1"}],"replies":[{"embeddable":true,"href":"https:\/\/speedytaxizakopane.pl\/index.php\/wp-json\/wp\/v2\/comments?post=29"}],"version-history":[{"count":25,"href":"https:\/\/speedytaxizakopane.pl\/index.php\/wp-json\/wp\/v2\/pages\/29\/revisions"}],"predecessor-version":[{"id":312,"href":"https:\/\/speedytaxizakopane.pl\/index.php\/wp-json\/wp\/v2\/pages\/29\/revisions\/312"}],"wp:attachment":[{"href":"https:\/\/speedytaxizakopane.pl\/index.php\/wp-json\/wp\/v2\/media?parent=29"}],"curies":[{"name":"wp","href":"https:\/\/api.w.org\/{rel}","templated":true}]}}