{"id":324,"date":"2021-08-31T10:36:28","date_gmt":"2021-08-31T10:36:28","guid":{"rendered":"http:\/\/speedytaxizakopane.pl\/?page_id=31"},"modified":"2021-08-31T10:36:28","modified_gmt":"2021-08-31T10:36:28","slug":"tours-3","status":"publish","type":"page","link":"https:\/\/speedytaxizakopane.pl\/index.php\/en\/tours-3\/","title":{"rendered":"Tours"},"content":{"rendered":"\n<div class=\"wp-block-cover has-background-dim\" style=\"min-height:576px;aspect-ratio:unset;\"><img loading=\"lazy\" decoding=\"async\" width=\"1200\" height=\"900\" class=\"wp-block-cover__image-background wp-image-221\" alt=\"\" src=\"http:\/\/speedytaxizakopane.pl\/wp-content\/uploads\/2022\/07\/slowacjaaaa.jpg\" style=\"object-position:0% 56%\" data-object-fit=\"cover\" data-object-position=\"0% 56%\" srcset=\"https:\/\/speedytaxizakopane.pl\/wp-content\/uploads\/2022\/07\/slowacjaaaa.jpg 1200w, https:\/\/speedytaxizakopane.pl\/wp-content\/uploads\/2022\/07\/slowacjaaaa-300x225.jpg 300w, https:\/\/speedytaxizakopane.pl\/wp-content\/uploads\/2022\/07\/slowacjaaaa-1024x768.jpg 1024w, https:\/\/speedytaxizakopane.pl\/wp-content\/uploads\/2022\/07\/slowacjaaaa-768x576.jpg 768w\" sizes=\"auto, (max-width: 1200px) 100vw, 1200px\" \/><div class=\"wp-block-cover__inner-container is-layout-flow wp-block-cover-is-layout-flow\">\n<p class=\"has-text-align-center has-neve-link-hover-color-color has-text-color\" style=\"font-size:28px\"><strong>We offer tailor-made tours!<\/strong><\/p>\n\n\n\n<p class=\"has-text-align-center has-large-font-size\">Write to us and ask!<\/p>\n\n\n\n<p class=\"has-text-align-center has-normal-font-size\"><\/p>\n<\/div><\/div>\n\n\n\n<div style=\"height:100px\" aria-hidden=\"true\" class=\"wp-block-spacer\"><\/div>\n\n\n\n<div class=\"wp-block-buttons is-content-justification-center is-layout-flex wp-block-buttons-is-layout-flex\">\n<div class=\"wp-block-button\"><a class=\"wp-block-button__link has-neve-link-color-color has-neve-link-hover-color-background-color has-text-color has-background\" href=\"tel:+48660746166\">BOOK NOW<\/a><\/div>\n<\/div>\n\n\n\n<div style=\"height:100px\" aria-hidden=\"true\" class=\"wp-block-spacer\"><\/div>\n\n\n\n<div class=\"wp-block-columns is-layout-flex wp-container-core-columns-is-layout-1 wp-block-columns-is-layout-flex\">\n<div class=\"wp-block-column is-layout-flow wp-block-column-is-layout-flow\">\n<figure class=\"wp-block-image size-large is-style-default\"><img loading=\"lazy\" decoding=\"async\" width=\"1024\" height=\"768\" src=\"http:\/\/speedytaxizakopane.pl\/wp-content\/uploads\/2022\/07\/20220716_114715-1024x768.jpg\" alt=\"\" class=\"wp-image-222\" srcset=\"https:\/\/speedytaxizakopane.pl\/wp-content\/uploads\/2022\/07\/20220716_114715-1024x768.jpg 1024w, https:\/\/speedytaxizakopane.pl\/wp-content\/uploads\/2022\/07\/20220716_114715-300x225.jpg 300w, https:\/\/speedytaxizakopane.pl\/wp-content\/uploads\/2022\/07\/20220716_114715-768x576.jpg 768w, https:\/\/speedytaxizakopane.pl\/wp-content\/uploads\/2022\/07\/20220716_114715-1536x1152.jpg 1536w, https:\/\/speedytaxizakopane.pl\/wp-content\/uploads\/2022\/07\/20220716_114715-2048x1536.jpg 2048w\" sizes=\"auto, (max-width: 1024px) 100vw, 1024px\" \/><figcaption>Day Trips &#8211; Speedy Taxi<\/figcaption><\/figure>\n<\/div>\n\n\n\n<div class=\"wp-block-column is-layout-flow wp-block-column-is-layout-flow\">\n<p style=\"font-size:22px\"><strong>The most popular excursions:<\/strong><\/p>\n\n\n\n<ul class=\"wp-block-list\"><li>Tree crown path<\/li><li>Tatranska Lomnica<\/li><li>\u0160trbsk\u00e9 Pleso<\/li><li>Belianska Cave<\/li><li>\u0141apszanka \/ Czarna G\u00f3ra &#8211; viewpoint<\/li><li>Wieliczka Salt Mine<\/li><\/ul>\n\n\n\n<div style=\"height:13px\" aria-hidden=\"true\" class=\"wp-block-spacer\"><\/div>\n\n\n\n<p>The possibility of choosing the points of the trip to your liking.<\/p>\n<\/div>\n<\/div>\n\n\n\n<figure class=\"wp-block-gallery columns-3 is-cropped wp-block-gallery-1 is-layout-flex wp-block-gallery-is-layout-flex\"><ul class=\"blocks-gallery-grid\"><li class=\"blocks-gallery-item\"><figure><img loading=\"lazy\" decoding=\"async\" width=\"1024\" height=\"768\" src=\"http:\/\/speedytaxizakopane.pl\/wp-content\/uploads\/2022\/07\/20220716_114715-1-1024x768.jpg\" alt=\"\" data-id=\"231\" data-link=\"http:\/\/speedytaxizakopane.pl\/index.php\/wycieczki\/20220716_114715-1\/\" class=\"wp-image-231\" srcset=\"https:\/\/speedytaxizakopane.pl\/wp-content\/uploads\/2022\/07\/20220716_114715-1-1024x768.jpg 1024w, https:\/\/speedytaxizakopane.pl\/wp-content\/uploads\/2022\/07\/20220716_114715-1-300x225.jpg 300w, https:\/\/speedytaxizakopane.pl\/wp-content\/uploads\/2022\/07\/20220716_114715-1-768x576.jpg 768w, https:\/\/speedytaxizakopane.pl\/wp-content\/uploads\/2022\/07\/20220716_114715-1-1536x1152.jpg 1536w, https:\/\/speedytaxizakopane.pl\/wp-content\/uploads\/2022\/07\/20220716_114715-1-2048x1536.jpg 2048w\" sizes=\"auto, (max-width: 1024px) 100vw, 1024px\" \/><figcaption class=\"blocks-gallery-item__caption\">Tatranska Lomnica<\/figcaption><\/figure><\/li><li class=\"blocks-gallery-item\"><figure><img loading=\"lazy\" decoding=\"async\" width=\"1024\" height=\"768\" src=\"http:\/\/speedytaxizakopane.pl\/wp-content\/uploads\/2022\/07\/20220716_150032-1-1024x768.jpg\" alt=\"\" data-id=\"232\" data-link=\"http:\/\/speedytaxizakopane.pl\/index.php\/wycieczki\/20220716_150032-1\/\" class=\"wp-image-232\" srcset=\"https:\/\/speedytaxizakopane.pl\/wp-content\/uploads\/2022\/07\/20220716_150032-1-1024x768.jpg 1024w, https:\/\/speedytaxizakopane.pl\/wp-content\/uploads\/2022\/07\/20220716_150032-1-300x225.jpg 300w, https:\/\/speedytaxizakopane.pl\/wp-content\/uploads\/2022\/07\/20220716_150032-1-768x576.jpg 768w, https:\/\/speedytaxizakopane.pl\/wp-content\/uploads\/2022\/07\/20220716_150032-1-1536x1152.jpg 1536w, https:\/\/speedytaxizakopane.pl\/wp-content\/uploads\/2022\/07\/20220716_150032-1-2048x1536.jpg 2048w\" sizes=\"auto, (max-width: 1024px) 100vw, 1024px\" \/><figcaption class=\"blocks-gallery-item__caption\">\u0160trbsk\u00e9 Pleso<\/figcaption><\/figure><\/li><li class=\"blocks-gallery-item\"><figure><img loading=\"lazy\" decoding=\"async\" width=\"1024\" height=\"768\" src=\"http:\/\/speedytaxizakopane.pl\/wp-content\/uploads\/2022\/07\/20220716_150040-1024x768.jpg\" alt=\"\" data-id=\"233\" data-link=\"http:\/\/speedytaxizakopane.pl\/index.php\/wycieczki\/20220716_150040\/\" class=\"wp-image-233\" srcset=\"https:\/\/speedytaxizakopane.pl\/wp-content\/uploads\/2022\/07\/20220716_150040-1024x768.jpg 1024w, https:\/\/speedytaxizakopane.pl\/wp-content\/uploads\/2022\/07\/20220716_150040-300x225.jpg 300w, https:\/\/speedytaxizakopane.pl\/wp-content\/uploads\/2022\/07\/20220716_150040-768x576.jpg 768w, https:\/\/speedytaxizakopane.pl\/wp-content\/uploads\/2022\/07\/20220716_150040-1536x1152.jpg 1536w, https:\/\/speedytaxizakopane.pl\/wp-content\/uploads\/2022\/07\/20220716_150040-2048x1536.jpg 2048w\" sizes=\"auto, (max-width: 1024px) 100vw, 1024px\" \/><figcaption class=\"blocks-gallery-item__caption\">\u0160trbsk\u00e9 Pleso<\/figcaption><\/figure><\/li><li class=\"blocks-gallery-item\"><figure><img loading=\"lazy\" decoding=\"async\" width=\"1024\" height=\"768\" src=\"http:\/\/speedytaxizakopane.pl\/wp-content\/uploads\/2022\/07\/20220714_153230-1024x768.jpg\" alt=\"\" data-id=\"234\" data-link=\"http:\/\/speedytaxizakopane.pl\/index.php\/wycieczki\/20220714_153230\/\" class=\"wp-image-234\" srcset=\"https:\/\/speedytaxizakopane.pl\/wp-content\/uploads\/2022\/07\/20220714_153230-1024x768.jpg 1024w, https:\/\/speedytaxizakopane.pl\/wp-content\/uploads\/2022\/07\/20220714_153230-300x225.jpg 300w, https:\/\/speedytaxizakopane.pl\/wp-content\/uploads\/2022\/07\/20220714_153230-768x576.jpg 768w, https:\/\/speedytaxizakopane.pl\/wp-content\/uploads\/2022\/07\/20220714_153230-1536x1152.jpg 1536w, https:\/\/speedytaxizakopane.pl\/wp-content\/uploads\/2022\/07\/20220714_153230-2048x1536.jpg 2048w\" sizes=\"auto, (max-width: 1024px) 100vw, 1024px\" \/><figcaption class=\"blocks-gallery-item__caption\">\u0141apszanka<\/figcaption><\/figure><\/li><li class=\"blocks-gallery-item\"><figure><img loading=\"lazy\" decoding=\"async\" width=\"1024\" height=\"768\" src=\"http:\/\/speedytaxizakopane.pl\/wp-content\/uploads\/2022\/07\/20220714_153238-1024x768.jpg\" alt=\"\" data-id=\"235\" data-link=\"http:\/\/speedytaxizakopane.pl\/index.php\/wycieczki\/20220714_153238\/\" class=\"wp-image-235\" srcset=\"https:\/\/speedytaxizakopane.pl\/wp-content\/uploads\/2022\/07\/20220714_153238-1024x768.jpg 1024w, https:\/\/speedytaxizakopane.pl\/wp-content\/uploads\/2022\/07\/20220714_153238-300x225.jpg 300w, https:\/\/speedytaxizakopane.pl\/wp-content\/uploads\/2022\/07\/20220714_153238-768x576.jpg 768w, https:\/\/speedytaxizakopane.pl\/wp-content\/uploads\/2022\/07\/20220714_153238-1536x1152.jpg 1536w, https:\/\/speedytaxizakopane.pl\/wp-content\/uploads\/2022\/07\/20220714_153238-2048x1536.jpg 2048w\" sizes=\"auto, (max-width: 1024px) 100vw, 1024px\" \/><figcaption class=\"blocks-gallery-item__caption\">\u0141apszanka<\/figcaption><\/figure><\/li><li class=\"blocks-gallery-item\"><figure><img loading=\"lazy\" decoding=\"async\" width=\"1024\" height=\"768\" src=\"http:\/\/speedytaxizakopane.pl\/wp-content\/uploads\/2022\/07\/20220714_160207-1024x768.jpg\" alt=\"\" data-id=\"236\" data-full-url=\"http:\/\/speedytaxizakopane.pl\/wp-content\/uploads\/2022\/07\/20220714_160207-scaled.jpg\" data-link=\"http:\/\/speedytaxizakopane.pl\/index.php\/wycieczki\/20220714_160207\/\" class=\"wp-image-236\" srcset=\"https:\/\/speedytaxizakopane.pl\/wp-content\/uploads\/2022\/07\/20220714_160207-1024x768.jpg 1024w, https:\/\/speedytaxizakopane.pl\/wp-content\/uploads\/2022\/07\/20220714_160207-300x225.jpg 300w, https:\/\/speedytaxizakopane.pl\/wp-content\/uploads\/2022\/07\/20220714_160207-768x576.jpg 768w, https:\/\/speedytaxizakopane.pl\/wp-content\/uploads\/2022\/07\/20220714_160207-1536x1152.jpg 1536w, https:\/\/speedytaxizakopane.pl\/wp-content\/uploads\/2022\/07\/20220714_160207-2048x1536.jpg 2048w\" sizes=\"auto, (max-width: 1024px) 100vw, 1024px\" \/><figcaption class=\"blocks-gallery-item__caption\">Black Mountain<\/figcaption><\/figure><\/li><\/ul><\/figure>\n","protected":false},"excerpt":{"rendered":"<p>The most popular excursions: Tree crown path Tatranska Lomnica \u0160trbsk\u00e9 Pleso Belianska Cave \u0141apszanka \/ Czarna G\u00f3ra &#8211; viewpoint Wieliczka Salt Mine The possibility of choosing the points of the trip to your liking.<\/p>\n","protected":false},"author":1,"featured_media":0,"parent":0,"menu_order":0,"comment_status":"closed","ping_status":"closed","template":"","meta":{"om_disable_all_campaigns":false,"_monsterinsights_skip_tracking":false,"_monsterinsights_sitenote_active":false,"_monsterinsights_sitenote_note":"","_monsterinsights_sitenote_category":0,"_uf_show_specific_survey":0,"_uf_disable_surveys":false,"neve_meta_sidebar":"","neve_meta_container":"","neve_meta_enable_content_width":"","neve_meta_content_width":0,"neve_meta_title_alignment":"","neve_meta_author_avatar":"","neve_post_elements_order":"","neve_meta_disable_header":"","neve_meta_disable_footer":"","neve_meta_disable_title":"","footnotes":""},"class_list":["post-324","page","type-page","status-publish","hentry"],"aioseo_notices":[],"_links":{"self":[{"href":"https:\/\/speedytaxizakopane.pl\/index.php\/wp-json\/wp\/v2\/pages\/324","targetHints":{"allow":["GET"]}}],"collection":[{"href":"https:\/\/speedytaxizakopane.pl\/index.php\/wp-json\/wp\/v2\/pages"}],"about":[{"href":"https:\/\/speedytaxizakopane.pl\/index.php\/wp-json\/wp\/v2\/types\/page"}],"author":[{"embeddable":true,"href":"https:\/\/speedytaxizakopane.pl\/index.php\/wp-json\/wp\/v2\/users\/1"}],"replies":[{"embeddable":true,"href":"https:\/\/speedytaxizakopane.pl\/index.php\/wp-json\/wp\/v2\/comments?post=324"}],"version-history":[{"count":0,"href":"https:\/\/speedytaxizakopane.pl\/index.php\/wp-json\/wp\/v2\/pages\/324\/revisions"}],"wp:attachment":[{"href":"https:\/\/speedytaxizakopane.pl\/index.php\/wp-json\/wp\/v2\/media?parent=324"}],"curies":[{"name":"wp","href":"https:\/\/api.w.org\/{rel}","templated":true}]}}