{"id":333,"date":"2021-08-31T10:35:33","date_gmt":"2021-08-31T10:35:33","guid":{"rendered":"http:\/\/speedytaxizakopane.pl\/?page_id=29"},"modified":"2022-07-20T15:40:57","modified_gmt":"2022-07-20T15:40:57","slug":"splyw-dunajec-3","status":"publish","type":"page","link":"https:\/\/speedytaxizakopane.pl\/index.php\/es\/splyw-dunajec-3\/","title":{"rendered":"Rafting en el r\u00edo Dunajec"},"content":{"rendered":"\n<div class=\"wp-block-columns is-layout-flex wp-container-core-columns-is-layout-1 wp-block-columns-is-layout-flex\">\n<div class=\"wp-block-column is-layout-flow wp-block-column-is-layout-flow\">\n<figure class=\"wp-block-image size-full\"><img loading=\"lazy\" decoding=\"async\" width=\"1024\" height=\"768\" src=\"http:\/\/speedytaxizakopane.pl\/wp-content\/uploads\/2021\/09\/splyw_dunajcem_speedy_taxi_zakopane_1024_1-4.jpg\" alt=\"Rafting en el Dunajec - Speedy Taxi Zakopane\" class=\"wp-image-169\" srcset=\"https:\/\/speedytaxizakopane.pl\/wp-content\/uploads\/2021\/09\/splyw_dunajcem_speedy_taxi_zakopane_1024_1-4.jpg 1024w, https:\/\/speedytaxizakopane.pl\/wp-content\/uploads\/2021\/09\/splyw_dunajcem_speedy_taxi_zakopane_1024_1-4-300x225.jpg 300w, https:\/\/speedytaxizakopane.pl\/wp-content\/uploads\/2021\/09\/splyw_dunajcem_speedy_taxi_zakopane_1024_1-4-768x576.jpg 768w\" sizes=\"auto, (max-width: 1024px) 100vw, 1024px\" \/><figcaption>Rafting en el Dunajec &#8211; Speedy Taxi Zakopane<\/figcaption><\/figure>\n<\/div>\n\n\n\n<div class=\"wp-block-column is-layout-flow wp-block-column-is-layout-flow\">\n<p><\/p>\n\n\n\n<p><strong><mark style=\"background-color:rgba(0, 0, 0, 0)\" class=\"has-inline-color has-nv-c-2-color\">Se organizan viajes diarios<\/mark><\/strong><br><br> Salida aproximadamente a las 9:00 horas<br>regreso alrededor 16:00 horas<br><strong><mark style=\"background-color:rgba(0, 0, 0, 0)\" class=\"has-inline-color has-nv-c-2-color\">Costo: <\/mark><\/strong><br>&#8211; PLN 150 por adulto<br> &#8211; PLN 140 por ni\u00f1o hasta 10 a\u00f1os de edad (ni\u00f1os de hasta 3 a\u00f1os de edad &#8211; en el regazo de sus padres &#8211; GRATIS)<\/p>\n<\/div>\n<\/div>\n\n\n\n<div class=\"wp-block-buttons is-horizontal is-content-justification-center is-layout-flex wp-container-core-buttons-is-layout-1 wp-block-buttons-is-layout-flex\">\n<div class=\"wp-block-button\"><a class=\"wp-block-button__link has-neve-link-color-color has-neve-link-hover-color-background-color has-text-color has-background\" href=\"tel:+48660746166\">RESERVAR AHORA<\/a><\/div>\n<\/div>\n\n\n\n<p><strong>Itinerario:<\/strong><\/p>\n\n\n\n<p>Te recogemos de tu alojamiento, vamos en autobuses para 9 personas, no en autocar, lo que nos permite elegir una ruta pintoresca. Primero, nos dirigimos al mirador de <strong><span class=\"has-inline-color has-nv-c-2-color\">\u0141apszanka, pasamos<\/span><\/strong> por el pintoresco pueblo del siglo XVI <strong><span class=\"has-inline-color has-nv-c-2-color\">de Ostur\u0148a<\/span><\/strong>. El siguiente punto es <strong><span class=\"has-inline-color has-nv-c-2-color\">el rafting en balsas tradicionales, degustaci\u00f3n de licores<\/span><\/strong> y <strong><span class=\"has-inline-color has-nv-c-2-color\">una caba\u00f1a en la<\/span> <\/strong>que se degustan deliciosos quesos regionales. Al final, dejamos una visita a <span class=\"has-inline-color has-nv-c-2-color\"><strong>Niedzica<\/strong><\/span>, donde se puede caminar a lo largo de la presa de hormig\u00f3n de tierra con una longitud de 400 m y una altura de unos 50 m.<\/p>\n\n\n\n<p>Ofrecemos la oportunidad de diversificar la ruta.<\/p>\n\n\n\n<div style=\"height:100px\" aria-hidden=\"true\" class=\"wp-block-spacer\"><\/div>\n\n\n\n<figure class=\"wp-block-gallery has-nested-images columns-default is-cropped wp-block-gallery-1 is-layout-flex wp-block-gallery-is-layout-flex\">\n<figure class=\"wp-block-image size-large\"><img loading=\"lazy\" decoding=\"async\" width=\"1024\" height=\"768\" data-id=\"171\" src=\"http:\/\/speedytaxizakopane.pl\/wp-content\/uploads\/2021\/09\/splyw_dunajcem_speedy_taxi_zakopane_1024_3-2.jpg\" alt=\"Rafting en el Dunajec - Speedy Taxi Zakopane\" class=\"wp-image-171\" srcset=\"https:\/\/speedytaxizakopane.pl\/wp-content\/uploads\/2021\/09\/splyw_dunajcem_speedy_taxi_zakopane_1024_3-2.jpg 1024w, https:\/\/speedytaxizakopane.pl\/wp-content\/uploads\/2021\/09\/splyw_dunajcem_speedy_taxi_zakopane_1024_3-2-300x225.jpg 300w, https:\/\/speedytaxizakopane.pl\/wp-content\/uploads\/2021\/09\/splyw_dunajcem_speedy_taxi_zakopane_1024_3-2-768x576.jpg 768w\" sizes=\"auto, (max-width: 1024px) 100vw, 1024px\" \/><figcaption>Rafting en el Dunajec &#8211; Speedy Taxi Zakopane<\/figcaption><\/figure>\n\n\n\n<figure class=\"wp-block-image size-large\"><img loading=\"lazy\" decoding=\"async\" width=\"1024\" height=\"768\" data-id=\"169\" src=\"http:\/\/speedytaxizakopane.pl\/wp-content\/uploads\/2021\/09\/splyw_dunajcem_speedy_taxi_zakopane_1024_1-4.jpg\" alt=\"Rafting en el Dunajec - Speedy Taxi Zakopane\" class=\"wp-image-169\" srcset=\"https:\/\/speedytaxizakopane.pl\/wp-content\/uploads\/2021\/09\/splyw_dunajcem_speedy_taxi_zakopane_1024_1-4.jpg 1024w, https:\/\/speedytaxizakopane.pl\/wp-content\/uploads\/2021\/09\/splyw_dunajcem_speedy_taxi_zakopane_1024_1-4-300x225.jpg 300w, https:\/\/speedytaxizakopane.pl\/wp-content\/uploads\/2021\/09\/splyw_dunajcem_speedy_taxi_zakopane_1024_1-4-768x576.jpg 768w\" sizes=\"auto, (max-width: 1024px) 100vw, 1024px\" \/><figcaption>Rafting en el Dunajec &#8211; Speedy Taxi Zakopane<\/figcaption><\/figure>\n\n\n\n<figure class=\"wp-block-image size-large\"><img loading=\"lazy\" decoding=\"async\" width=\"1024\" height=\"768\" data-id=\"172\" src=\"http:\/\/speedytaxizakopane.pl\/wp-content\/uploads\/2021\/09\/splyw_dunajcem_speedy_taxi_zakopane_1024_4-2.jpg\" alt=\"Rafting en el Dunajec - Speedy Taxi Zakopane\" class=\"wp-image-172\" srcset=\"https:\/\/speedytaxizakopane.pl\/wp-content\/uploads\/2021\/09\/splyw_dunajcem_speedy_taxi_zakopane_1024_4-2.jpg 1024w, https:\/\/speedytaxizakopane.pl\/wp-content\/uploads\/2021\/09\/splyw_dunajcem_speedy_taxi_zakopane_1024_4-2-300x225.jpg 300w, https:\/\/speedytaxizakopane.pl\/wp-content\/uploads\/2021\/09\/splyw_dunajcem_speedy_taxi_zakopane_1024_4-2-768x576.jpg 768w\" sizes=\"auto, (max-width: 1024px) 100vw, 1024px\" \/><figcaption>Rafting en el Dunajec &#8211; Speedy Taxi Zakopane<\/figcaption><\/figure>\n\n\n\n<figure class=\"wp-block-image size-large\"><img loading=\"lazy\" decoding=\"async\" width=\"1024\" height=\"768\" data-id=\"170\" src=\"http:\/\/speedytaxizakopane.pl\/wp-content\/uploads\/2021\/09\/splyw_dunajcem_speedy_taxi_zakopane_1024_2-2.jpg\" alt=\"Rafting en el Dunajec - Speedy Taxi Zakopane\" class=\"wp-image-170\" srcset=\"https:\/\/speedytaxizakopane.pl\/wp-content\/uploads\/2021\/09\/splyw_dunajcem_speedy_taxi_zakopane_1024_2-2.jpg 1024w, https:\/\/speedytaxizakopane.pl\/wp-content\/uploads\/2021\/09\/splyw_dunajcem_speedy_taxi_zakopane_1024_2-2-300x225.jpg 300w, https:\/\/speedytaxizakopane.pl\/wp-content\/uploads\/2021\/09\/splyw_dunajcem_speedy_taxi_zakopane_1024_2-2-768x576.jpg 768w\" sizes=\"auto, (max-width: 1024px) 100vw, 1024px\" \/><figcaption>Rafting en el Dunajec &#8211; Speedy Taxi Zakopane<\/figcaption><\/figure>\n<\/figure>\n\n\n\n<figure class=\"wp-block-gallery has-nested-images columns-default is-cropped wp-block-gallery-2 is-layout-flex wp-block-gallery-is-layout-flex\">\n<figure class=\"wp-block-image size-large\"><img loading=\"lazy\" decoding=\"async\" width=\"1024\" height=\"768\" data-id=\"240\" src=\"http:\/\/speedytaxizakopane.pl\/wp-content\/uploads\/2022\/07\/20220714_153230-1-1024x768.jpg\" alt=\"\" class=\"wp-image-240\" srcset=\"https:\/\/speedytaxizakopane.pl\/wp-content\/uploads\/2022\/07\/20220714_153230-1-1024x768.jpg 1024w, https:\/\/speedytaxizakopane.pl\/wp-content\/uploads\/2022\/07\/20220714_153230-1-300x225.jpg 300w, https:\/\/speedytaxizakopane.pl\/wp-content\/uploads\/2022\/07\/20220714_153230-1-768x576.jpg 768w, https:\/\/speedytaxizakopane.pl\/wp-content\/uploads\/2022\/07\/20220714_153230-1-1536x1152.jpg 1536w, https:\/\/speedytaxizakopane.pl\/wp-content\/uploads\/2022\/07\/20220714_153230-1-2048x1536.jpg 2048w\" sizes=\"auto, (max-width: 1024px) 100vw, 1024px\" \/><\/figure>\n\n\n\n<figure class=\"wp-block-image size-large\"><img loading=\"lazy\" decoding=\"async\" width=\"1024\" height=\"768\" data-id=\"241\" src=\"http:\/\/speedytaxizakopane.pl\/wp-content\/uploads\/2022\/07\/20220605_103003-1024x768.jpg\" alt=\"\" class=\"wp-image-241\" srcset=\"https:\/\/speedytaxizakopane.pl\/wp-content\/uploads\/2022\/07\/20220605_103003-1024x768.jpg 1024w, https:\/\/speedytaxizakopane.pl\/wp-content\/uploads\/2022\/07\/20220605_103003-300x225.jpg 300w, https:\/\/speedytaxizakopane.pl\/wp-content\/uploads\/2022\/07\/20220605_103003-768x576.jpg 768w, https:\/\/speedytaxizakopane.pl\/wp-content\/uploads\/2022\/07\/20220605_103003-1536x1152.jpg 1536w, https:\/\/speedytaxizakopane.pl\/wp-content\/uploads\/2022\/07\/20220605_103003-2048x1536.jpg 2048w\" sizes=\"auto, (max-width: 1024px) 100vw, 1024px\" \/><\/figure>\n<\/figure>\n\n\n\n<figure class=\"wp-block-gallery has-nested-images columns-default is-cropped wp-block-gallery-3 is-layout-flex wp-block-gallery-is-layout-flex\">\n<figure class=\"wp-block-image size-large\"><img loading=\"lazy\" decoding=\"async\" width=\"1024\" height=\"768\" data-id=\"306\" src=\"http:\/\/speedytaxizakopane.pl\/wp-content\/uploads\/2022\/07\/20220719_093707-1024x768.jpg\" alt=\"\" class=\"wp-image-306\" srcset=\"https:\/\/speedytaxizakopane.pl\/wp-content\/uploads\/2022\/07\/20220719_093707-1024x768.jpg 1024w, https:\/\/speedytaxizakopane.pl\/wp-content\/uploads\/2022\/07\/20220719_093707-300x225.jpg 300w, https:\/\/speedytaxizakopane.pl\/wp-content\/uploads\/2022\/07\/20220719_093707-768x576.jpg 768w, https:\/\/speedytaxizakopane.pl\/wp-content\/uploads\/2022\/07\/20220719_093707-1536x1152.jpg 1536w, https:\/\/speedytaxizakopane.pl\/wp-content\/uploads\/2022\/07\/20220719_093707-2048x1536.jpg 2048w\" sizes=\"auto, (max-width: 1024px) 100vw, 1024px\" \/><\/figure>\n\n\n\n<figure class=\"wp-block-image size-large\"><img loading=\"lazy\" decoding=\"async\" width=\"1024\" height=\"768\" data-id=\"307\" src=\"http:\/\/speedytaxizakopane.pl\/wp-content\/uploads\/2022\/07\/20220719_093755-1024x768.jpg\" alt=\"\" class=\"wp-image-307\" srcset=\"https:\/\/speedytaxizakopane.pl\/wp-content\/uploads\/2022\/07\/20220719_093755-1024x768.jpg 1024w, https:\/\/speedytaxizakopane.pl\/wp-content\/uploads\/2022\/07\/20220719_093755-300x225.jpg 300w, https:\/\/speedytaxizakopane.pl\/wp-content\/uploads\/2022\/07\/20220719_093755-768x576.jpg 768w, https:\/\/speedytaxizakopane.pl\/wp-content\/uploads\/2022\/07\/20220719_093755-1536x1152.jpg 1536w, https:\/\/speedytaxizakopane.pl\/wp-content\/uploads\/2022\/07\/20220719_093755-2048x1536.jpg 2048w\" sizes=\"auto, (max-width: 1024px) 100vw, 1024px\" \/><\/figure>\n\n\n\n<figure class=\"wp-block-image size-large\"><img loading=\"lazy\" decoding=\"async\" width=\"1024\" height=\"768\" data-id=\"310\" src=\"http:\/\/speedytaxizakopane.pl\/wp-content\/uploads\/2022\/07\/20220719_140824-1024x768.jpg\" alt=\"\" class=\"wp-image-310\" srcset=\"https:\/\/speedytaxizakopane.pl\/wp-content\/uploads\/2022\/07\/20220719_140824-1024x768.jpg 1024w, https:\/\/speedytaxizakopane.pl\/wp-content\/uploads\/2022\/07\/20220719_140824-300x225.jpg 300w, https:\/\/speedytaxizakopane.pl\/wp-content\/uploads\/2022\/07\/20220719_140824-768x576.jpg 768w, https:\/\/speedytaxizakopane.pl\/wp-content\/uploads\/2022\/07\/20220719_140824-1536x1152.jpg 1536w, https:\/\/speedytaxizakopane.pl\/wp-content\/uploads\/2022\/07\/20220719_140824-2048x1536.jpg 2048w\" sizes=\"auto, (max-width: 1024px) 100vw, 1024px\" \/><\/figure>\n\n\n\n<figure class=\"wp-block-image size-large\"><img loading=\"lazy\" decoding=\"async\" width=\"1024\" height=\"768\" data-id=\"308\" src=\"http:\/\/speedytaxizakopane.pl\/wp-content\/uploads\/2022\/07\/20220719_102852-1024x768.jpg\" alt=\"\" class=\"wp-image-308\" srcset=\"https:\/\/speedytaxizakopane.pl\/wp-content\/uploads\/2022\/07\/20220719_102852-1024x768.jpg 1024w, https:\/\/speedytaxizakopane.pl\/wp-content\/uploads\/2022\/07\/20220719_102852-300x225.jpg 300w, https:\/\/speedytaxizakopane.pl\/wp-content\/uploads\/2022\/07\/20220719_102852-768x576.jpg 768w, https:\/\/speedytaxizakopane.pl\/wp-content\/uploads\/2022\/07\/20220719_102852-1536x1152.jpg 1536w, https:\/\/speedytaxizakopane.pl\/wp-content\/uploads\/2022\/07\/20220719_102852-2048x1536.jpg 2048w\" sizes=\"auto, (max-width: 1024px) 100vw, 1024px\" \/><\/figure>\n\n\n\n<figure class=\"wp-block-image size-large\"><img loading=\"lazy\" decoding=\"async\" width=\"768\" height=\"1024\" data-id=\"309\" src=\"http:\/\/speedytaxizakopane.pl\/wp-content\/uploads\/2022\/07\/20220719_133727-768x1024.jpg\" alt=\"\" class=\"wp-image-309\" srcset=\"https:\/\/speedytaxizakopane.pl\/wp-content\/uploads\/2022\/07\/20220719_133727-768x1024.jpg 768w, https:\/\/speedytaxizakopane.pl\/wp-content\/uploads\/2022\/07\/20220719_133727-225x300.jpg 225w, https:\/\/speedytaxizakopane.pl\/wp-content\/uploads\/2022\/07\/20220719_133727-1152x1536.jpg 1152w, https:\/\/speedytaxizakopane.pl\/wp-content\/uploads\/2022\/07\/20220719_133727-1536x2048.jpg 1536w, https:\/\/speedytaxizakopane.pl\/wp-content\/uploads\/2022\/07\/20220719_133727-scaled.jpg 1920w\" sizes=\"auto, (max-width: 768px) 100vw, 768px\" \/><\/figure>\n\n\n\n<figure class=\"wp-block-image size-large\"><img loading=\"lazy\" decoding=\"async\" width=\"1024\" height=\"768\" data-id=\"311\" src=\"http:\/\/speedytaxizakopane.pl\/wp-content\/uploads\/2022\/07\/20220719_143848-1024x768.jpg\" alt=\"\" class=\"wp-image-311\" srcset=\"https:\/\/speedytaxizakopane.pl\/wp-content\/uploads\/2022\/07\/20220719_143848-1024x768.jpg 1024w, https:\/\/speedytaxizakopane.pl\/wp-content\/uploads\/2022\/07\/20220719_143848-300x225.jpg 300w, https:\/\/speedytaxizakopane.pl\/wp-content\/uploads\/2022\/07\/20220719_143848-768x576.jpg 768w, https:\/\/speedytaxizakopane.pl\/wp-content\/uploads\/2022\/07\/20220719_143848-1536x1152.jpg 1536w, https:\/\/speedytaxizakopane.pl\/wp-content\/uploads\/2022\/07\/20220719_143848-2048x1536.jpg 2048w\" sizes=\"auto, (max-width: 1024px) 100vw, 1024px\" \/><\/figure>\n<\/figure>\n","protected":false},"excerpt":{"rendered":"<p>Se organizan viajes diarios Salida aproximadamente a las 9:00 horasregreso alrededor 16:00 horasCosto: &#8211; PLN 150 por adulto &#8211; PLN 140 por ni\u00f1o hasta 10 a\u00f1os de edad (ni\u00f1os de hasta 3 a\u00f1os de edad &#8211; en el regazo de sus padres &#8211; GRATIS) Itinerario: Te recogemos de tu alojamiento, vamos en autobuses para 9&hellip;&nbsp;<a href=\"https:\/\/speedytaxizakopane.pl\/index.php\/es\/splyw-dunajec-3\/\" class=\"\" rel=\"bookmark\">Czytaj dalej &raquo;<span class=\"screen-reader-text\">Rafting en el r\u00edo Dunajec<\/span><\/a><\/p>\n","protected":false},"author":1,"featured_media":0,"parent":0,"menu_order":0,"comment_status":"closed","ping_status":"closed","template":"","meta":{"om_disable_all_campaigns":false,"_monsterinsights_skip_tracking":false,"_monsterinsights_sitenote_active":false,"_monsterinsights_sitenote_note":"","_monsterinsights_sitenote_category":0,"_uf_show_specific_survey":0,"_uf_disable_surveys":false,"neve_meta_sidebar":"","neve_meta_container":"","neve_meta_enable_content_width":"","neve_meta_content_width":0,"neve_meta_title_alignment":"","neve_meta_author_avatar":"","neve_post_elements_order":"","neve_meta_disable_header":"","neve_meta_disable_footer":"","neve_meta_disable_title":"","footnotes":""},"class_list":["post-333","page","type-page","status-publish","hentry"],"aioseo_notices":[],"_links":{"self":[{"href":"https:\/\/speedytaxizakopane.pl\/index.php\/wp-json\/wp\/v2\/pages\/333","targetHints":{"allow":["GET"]}}],"collection":[{"href":"https:\/\/speedytaxizakopane.pl\/index.php\/wp-json\/wp\/v2\/pages"}],"about":[{"href":"https:\/\/speedytaxizakopane.pl\/index.php\/wp-json\/wp\/v2\/types\/page"}],"author":[{"embeddable":true,"href":"https:\/\/speedytaxizakopane.pl\/index.php\/wp-json\/wp\/v2\/users\/1"}],"replies":[{"embeddable":true,"href":"https:\/\/speedytaxizakopane.pl\/index.php\/wp-json\/wp\/v2\/comments?post=333"}],"version-history":[{"count":1,"href":"https:\/\/speedytaxizakopane.pl\/index.php\/wp-json\/wp\/v2\/pages\/333\/revisions"}],"predecessor-version":[{"id":335,"href":"https:\/\/speedytaxizakopane.pl\/index.php\/wp-json\/wp\/v2\/pages\/333\/revisions\/335"}],"wp:attachment":[{"href":"https:\/\/speedytaxizakopane.pl\/index.php\/wp-json\/wp\/v2\/media?parent=333"}],"curies":[{"name":"wp","href":"https:\/\/api.w.org\/{rel}","templated":true}]}}