{"id":351,"date":"2022-07-18T13:57:23","date_gmt":"2022-07-18T13:57:23","guid":{"rendered":"http:\/\/speedytaxizakopane.pl\/?page_id=262"},"modified":"2025-01-04T12:52:38","modified_gmt":"2025-01-04T12:52:38","slug":"podhale-2","status":"publish","type":"page","link":"https:\/\/speedytaxizakopane.pl\/index.php\/en\/podhale-2\/","title":{"rendered":"Podhale"},"content":{"rendered":"\n<p>With us you will get to <span class=\"has-inline-color has-nv-c-2-color\">the Podhale Baths<\/span>:<br>&#8211; Bukowina Tatrza\u0144ska &#8211; Terma BUKOVINA<br>&#8211; Bia\u0142ka Tatrza\u0144ska &#8211; Terma BANIA<br>&#8211; Chocho\u0142\u00f3w &#8211; Termy CHOCHO\u0141OWSKIE<br>but also to <span class=\"has-inline-color has-nv-c-2-color\">Slovakia<\/span> :<br>&#8211; Liptovsk\u00fd Mikul\u00e1\u0161 &#8211; TATRALANDIA <br>&#8211; Poprad &#8211; Termy POPRAD<\/p>\n\n\n<div class=\"wp-block-image\">\n<figure class=\"alignright size-full is-resized\"><img loading=\"lazy\" decoding=\"async\" width=\"800\" height=\"532\" src=\"http:\/\/speedytaxizakopane.pl\/wp-content\/uploads\/2022\/07\/482-main-20-1551954060-1.jpg\" alt=\"\" class=\"wp-image-277\" style=\"width:369px;height:245px\" srcset=\"https:\/\/speedytaxizakopane.pl\/wp-content\/uploads\/2022\/07\/482-main-20-1551954060-1.jpg 800w, https:\/\/speedytaxizakopane.pl\/wp-content\/uploads\/2022\/07\/482-main-20-1551954060-1-300x200.jpg 300w, https:\/\/speedytaxizakopane.pl\/wp-content\/uploads\/2022\/07\/482-main-20-1551954060-1-768x511.jpg 768w\" sizes=\"auto, (max-width: 800px) 100vw, 800px\" \/><\/figure><\/div>\n\n\n<p>We also organize transport to the <span class=\"has-inline-color has-nv-c-2-color\">Tatra trails<\/span>!<br> &#8211; Palenica Bia\u0142cza\u0144ska &#8211; Morskie Oko<br>&#8211; Ku\u017anice <br>&#8211; Jaszczur\u00f3wka (entrance to Nosal, Olczyska Valley)<br> &#8211; Chocho\u0142owska<br> Valley &#8211; Ko\u015bcieliska<br> Valley &#8211; Str\u0105\u017cyska Valley<\/p>\n\n\n\n<p>There is also a possibility of transport to the Shelter on morskie Oko (only for people with a disability certificate)<\/p>\n\n\n\n<figure class=\"wp-block-gallery has-nested-images columns-default is-cropped wp-block-gallery-1 is-layout-flex wp-block-gallery-is-layout-flex\">\n<figure class=\"wp-block-image size-large\"><img loading=\"lazy\" decoding=\"async\" width=\"1024\" height=\"768\" data-id=\"431\" src=\"http:\/\/speedytaxizakopane.pl\/wp-content\/uploads\/2024\/06\/7f74a890-a141-4dc5-bdef-37676a1d1e3b-1536x1152-1-1024x768.jpg\" alt=\"\" class=\"wp-image-431\" srcset=\"https:\/\/speedytaxizakopane.pl\/wp-content\/uploads\/2024\/06\/7f74a890-a141-4dc5-bdef-37676a1d1e3b-1536x1152-1-1024x768.jpg 1024w, https:\/\/speedytaxizakopane.pl\/wp-content\/uploads\/2024\/06\/7f74a890-a141-4dc5-bdef-37676a1d1e3b-1536x1152-1-300x225.jpg 300w, https:\/\/speedytaxizakopane.pl\/wp-content\/uploads\/2024\/06\/7f74a890-a141-4dc5-bdef-37676a1d1e3b-1536x1152-1-768x576.jpg 768w, https:\/\/speedytaxizakopane.pl\/wp-content\/uploads\/2024\/06\/7f74a890-a141-4dc5-bdef-37676a1d1e3b-1536x1152-1.jpg 1536w\" sizes=\"auto, (max-width: 1024px) 100vw, 1024px\" \/><\/figure>\n\n\n\n<figure class=\"wp-block-image size-large\"><img loading=\"lazy\" decoding=\"async\" width=\"1024\" height=\"768\" data-id=\"269\" src=\"https:\/\/speedytaxizakopane.pl\/wp-content\/uploads\/2022\/07\/292765388_2478631675612005_3422136059316217823_n-1024x768.jpg\" alt=\"\" class=\"wp-image-269\" srcset=\"https:\/\/speedytaxizakopane.pl\/wp-content\/uploads\/2022\/07\/292765388_2478631675612005_3422136059316217823_n-1024x768.jpg 1024w, https:\/\/speedytaxizakopane.pl\/wp-content\/uploads\/2022\/07\/292765388_2478631675612005_3422136059316217823_n-300x225.jpg 300w, https:\/\/speedytaxizakopane.pl\/wp-content\/uploads\/2022\/07\/292765388_2478631675612005_3422136059316217823_n-768x576.jpg 768w, https:\/\/speedytaxizakopane.pl\/wp-content\/uploads\/2022\/07\/292765388_2478631675612005_3422136059316217823_n-1536x1152.jpg 1536w, https:\/\/speedytaxizakopane.pl\/wp-content\/uploads\/2022\/07\/292765388_2478631675612005_3422136059316217823_n.jpg 2048w\" sizes=\"auto, (max-width: 1024px) 100vw, 1024px\" \/><\/figure>\n<\/figure>\n\n\n\n<figure class=\"wp-block-gallery has-nested-images columns-default is-cropped wp-block-gallery-2 is-layout-flex wp-block-gallery-is-layout-flex\">\n<figure class=\"wp-block-image size-medium\"><img loading=\"lazy\" decoding=\"async\" width=\"300\" height=\"225\" data-id=\"270\" src=\"https:\/\/speedytaxizakopane.pl\/wp-content\/uploads\/2022\/07\/20220630_214449-300x225.jpg\" alt=\"\" class=\"wp-image-270\" srcset=\"https:\/\/speedytaxizakopane.pl\/wp-content\/uploads\/2022\/07\/20220630_214449-300x225.jpg 300w, https:\/\/speedytaxizakopane.pl\/wp-content\/uploads\/2022\/07\/20220630_214449-1024x768.jpg 1024w, https:\/\/speedytaxizakopane.pl\/wp-content\/uploads\/2022\/07\/20220630_214449-768x576.jpg 768w, https:\/\/speedytaxizakopane.pl\/wp-content\/uploads\/2022\/07\/20220630_214449-1536x1152.jpg 1536w, https:\/\/speedytaxizakopane.pl\/wp-content\/uploads\/2022\/07\/20220630_214449-2048x1536.jpg 2048w\" sizes=\"auto, (max-width: 300px) 100vw, 300px\" \/><\/figure>\n\n\n\n<figure class=\"wp-block-image size-medium\"><img loading=\"lazy\" decoding=\"async\" width=\"300\" height=\"225\" data-id=\"271\" src=\"https:\/\/speedytaxizakopane.pl\/wp-content\/uploads\/2022\/07\/20220705_113429-300x225.jpg\" alt=\"\" class=\"wp-image-271\" srcset=\"https:\/\/speedytaxizakopane.pl\/wp-content\/uploads\/2022\/07\/20220705_113429-300x225.jpg 300w, https:\/\/speedytaxizakopane.pl\/wp-content\/uploads\/2022\/07\/20220705_113429-1024x768.jpg 1024w, https:\/\/speedytaxizakopane.pl\/wp-content\/uploads\/2022\/07\/20220705_113429-768x576.jpg 768w, https:\/\/speedytaxizakopane.pl\/wp-content\/uploads\/2022\/07\/20220705_113429-1536x1152.jpg 1536w, https:\/\/speedytaxizakopane.pl\/wp-content\/uploads\/2022\/07\/20220705_113429-2048x1536.jpg 2048w\" sizes=\"auto, (max-width: 300px) 100vw, 300px\" \/><\/figure>\n\n\n\n<figure class=\"wp-block-image size-medium\"><img loading=\"lazy\" decoding=\"async\" width=\"300\" height=\"225\" data-id=\"272\" src=\"https:\/\/speedytaxizakopane.pl\/wp-content\/uploads\/2022\/07\/received_1215246175899795-300x225.jpeg\" alt=\"\" class=\"wp-image-272\" srcset=\"https:\/\/speedytaxizakopane.pl\/wp-content\/uploads\/2022\/07\/received_1215246175899795-300x225.jpeg 300w, https:\/\/speedytaxizakopane.pl\/wp-content\/uploads\/2022\/07\/received_1215246175899795-1024x768.jpeg 1024w, https:\/\/speedytaxizakopane.pl\/wp-content\/uploads\/2022\/07\/received_1215246175899795-768x576.jpeg 768w, https:\/\/speedytaxizakopane.pl\/wp-content\/uploads\/2022\/07\/received_1215246175899795-1536x1152.jpeg 1536w, https:\/\/speedytaxizakopane.pl\/wp-content\/uploads\/2022\/07\/received_1215246175899795.jpeg 2048w\" sizes=\"auto, (max-width: 300px) 100vw, 300px\" \/><\/figure>\n<\/figure>\n\n\n\n<div class=\"wp-block-cover is-light\"><span aria-hidden=\"true\" class=\"wp-block-cover__background has-background-dim\"><\/span><img loading=\"lazy\" decoding=\"async\" width=\"576\" height=\"1024\" class=\"wp-block-cover__image-background wp-image-273\" alt=\"\" src=\"http:\/\/speedytaxizakopane.pl\/wp-content\/uploads\/2022\/07\/20220628_093409-576x1024.jpg\" style=\"object-position:52% 44%\" data-object-fit=\"cover\" data-object-position=\"52% 44%\" srcset=\"https:\/\/speedytaxizakopane.pl\/wp-content\/uploads\/2022\/07\/20220628_093409-576x1024.jpg 576w, https:\/\/speedytaxizakopane.pl\/wp-content\/uploads\/2022\/07\/20220628_093409-169x300.jpg 169w, https:\/\/speedytaxizakopane.pl\/wp-content\/uploads\/2022\/07\/20220628_093409-768x1366.jpg 768w, https:\/\/speedytaxizakopane.pl\/wp-content\/uploads\/2022\/07\/20220628_093409-864x1536.jpg 864w, https:\/\/speedytaxizakopane.pl\/wp-content\/uploads\/2022\/07\/20220628_093409-1152x2048.jpg 1152w, https:\/\/speedytaxizakopane.pl\/wp-content\/uploads\/2022\/07\/20220628_093409-scaled.jpg 1440w\" sizes=\"auto, (max-width: 576px) 100vw, 576px\" \/><div class=\"wp-block-cover__inner-container is-layout-flow wp-block-cover-is-layout-flow\">\n<p><span class=\"has-inline-color has-nv-dark-bg-color\">Getting to Morskie Oko<\/span><\/p>\n<\/div><\/div>\n","protected":false},"excerpt":{"rendered":"<p>With us you will get to the Podhale Baths:&#8211; Bukowina Tatrza\u0144ska &#8211; Terma BUKOVINA&#8211; Bia\u0142ka Tatrza\u0144ska &#8211; Terma BANIA&#8211; Chocho\u0142\u00f3w &#8211; Termy CHOCHO\u0141OWSKIEbut also to Slovakia :&#8211; Liptovsk\u00fd Mikul\u00e1\u0161 &#8211; TATRALANDIA &#8211; Poprad &#8211; Termy POPRAD We also organize transport to the Tatra trails! &#8211; Palenica Bia\u0142cza\u0144ska &#8211; Morskie Oko&#8211; Ku\u017anice &#8211; Jaszczur\u00f3wka (entrance to&hellip;&nbsp;<a href=\"https:\/\/speedytaxizakopane.pl\/index.php\/en\/podhale-2\/\" class=\"\" rel=\"bookmark\">Czytaj dalej &raquo;<span class=\"screen-reader-text\">Podhale<\/span><\/a><\/p>\n","protected":false},"author":1,"featured_media":0,"parent":0,"menu_order":0,"comment_status":"closed","ping_status":"closed","template":"","meta":{"om_disable_all_campaigns":false,"_monsterinsights_skip_tracking":false,"_monsterinsights_sitenote_active":false,"_monsterinsights_sitenote_note":"","_monsterinsights_sitenote_category":0,"_uf_show_specific_survey":0,"_uf_disable_surveys":false,"neve_meta_sidebar":"","neve_meta_container":"","neve_meta_enable_content_width":"","neve_meta_content_width":0,"neve_meta_title_alignment":"","neve_meta_author_avatar":"","neve_post_elements_order":"","neve_meta_disable_header":"","neve_meta_disable_footer":"","neve_meta_disable_title":"","footnotes":""},"class_list":["post-351","page","type-page","status-publish","hentry"],"aioseo_notices":[],"_links":{"self":[{"href":"https:\/\/speedytaxizakopane.pl\/index.php\/wp-json\/wp\/v2\/pages\/351","targetHints":{"allow":["GET"]}}],"collection":[{"href":"https:\/\/speedytaxizakopane.pl\/index.php\/wp-json\/wp\/v2\/pages"}],"about":[{"href":"https:\/\/speedytaxizakopane.pl\/index.php\/wp-json\/wp\/v2\/types\/page"}],"author":[{"embeddable":true,"href":"https:\/\/speedytaxizakopane.pl\/index.php\/wp-json\/wp\/v2\/users\/1"}],"replies":[{"embeddable":true,"href":"https:\/\/speedytaxizakopane.pl\/index.php\/wp-json\/wp\/v2\/comments?post=351"}],"version-history":[{"count":1,"href":"https:\/\/speedytaxizakopane.pl\/index.php\/wp-json\/wp\/v2\/pages\/351\/revisions"}],"predecessor-version":[{"id":436,"href":"https:\/\/speedytaxizakopane.pl\/index.php\/wp-json\/wp\/v2\/pages\/351\/revisions\/436"}],"wp:attachment":[{"href":"https:\/\/speedytaxizakopane.pl\/index.php\/wp-json\/wp\/v2\/media?parent=351"}],"curies":[{"name":"wp","href":"https:\/\/api.w.org\/{rel}","templated":true}]}}