{"id":434,"date":"2025-01-04T13:01:35","date_gmt":"2025-01-04T13:01:35","guid":{"rendered":"https:\/\/speedytaxizakopane.pl\/?page_id=434"},"modified":"2025-01-04T13:25:42","modified_gmt":"2025-01-04T13:25:42","slug":"kuligi-zimowe","status":"publish","type":"page","link":"https:\/\/speedytaxizakopane.pl\/index.php\/kuligi-zimowe\/","title":{"rendered":"KULIGI ZIMOWE"},"content":{"rendered":"\n<figure class=\"wp-block-image size-full\"><img loading=\"lazy\" decoding=\"async\" width=\"940\" height=\"788\" src=\"https:\/\/speedytaxizakopane.pl\/wp-content\/uploads\/2025\/01\/417491717_1086519805858498_4661809772561695815_n.jpg\" alt=\"\" class=\"wp-image-435\" srcset=\"https:\/\/speedytaxizakopane.pl\/wp-content\/uploads\/2025\/01\/417491717_1086519805858498_4661809772561695815_n.jpg 940w, https:\/\/speedytaxizakopane.pl\/wp-content\/uploads\/2025\/01\/417491717_1086519805858498_4661809772561695815_n-300x251.jpg 300w, https:\/\/speedytaxizakopane.pl\/wp-content\/uploads\/2025\/01\/417491717_1086519805858498_4661809772561695815_n-768x644.jpg 768w\" sizes=\"auto, (max-width: 940px) 100vw, 940px\" \/><\/figure>\n\n\n\n<p>Oferujemy r\u00f3wnie\u017c panoramiczny kulig brzegiem Bachledzkiego Wierchu!<\/p>\n\n\n\n<p><img loading=\"lazy\" decoding=\"async\" height=\"16\" width=\"16\" src=\"https:\/\/static.xx.fbcdn.net\/images\/emoji.php\/v9\/t39\/1\/16\/1f4e2.png\" alt=\"\ud83d\udce2\">&nbsp;Program imprezy&nbsp;<img loading=\"lazy\" decoding=\"async\" height=\"16\" width=\"16\" src=\"https:\/\/static.xx.fbcdn.net\/images\/emoji.php\/v9\/t39\/1\/16\/1f4e2.png\" alt=\"\ud83d\udce2\"><br>-odbi\u00f3r z wcze\u015bniej ustalonego miejsca&nbsp;<img loading=\"lazy\" decoding=\"async\" height=\"16\" width=\"16\" src=\"https:\/\/static.xx.fbcdn.net\/images\/emoji.php\/v9\/t6d\/1\/16\/1f698.png\" alt=\"\ud83d\ude98\"> <sub>(bezp\u0142atnie na terenie Zakopanego)<\/sub><br>-przeja\u017cd\u017cka saniami na punkt widokowy&nbsp;<img loading=\"lazy\" decoding=\"async\" height=\"16\" width=\"16\" src=\"https:\/\/static.xx.fbcdn.net\/images\/emoji.php\/v9\/t2e\/1\/16\/2744.png\" alt=\"\u2744\ufe0f\"><img loading=\"lazy\" decoding=\"async\" height=\"16\" width=\"16\" src=\"https:\/\/static.xx.fbcdn.net\/images\/emoji.php\/v9\/t2d\/1\/16\/1f434.png\" alt=\"\ud83d\udc34\">ok 1h<br>-biesiada w ponad 160 letniej g\u00f3ralskiej izbie przy muzyce g\u00f3ralskiej na \u017cywo ok 1h<br>-Pieczenie kie\u0142basek&nbsp;<img loading=\"lazy\" decoding=\"async\" height=\"16\" width=\"16\" src=\"https:\/\/static.xx.fbcdn.net\/images\/emoji.php\/v9\/t7d\/1\/16\/1f32d.png\" alt=\"\ud83c\udf2d\"><img loading=\"lazy\" decoding=\"async\" height=\"16\" width=\"16\" src=\"https:\/\/static.xx.fbcdn.net\/images\/emoji.php\/v9\/t50\/1\/16\/1f525.png\" alt=\"\ud83d\udd25\"><br>-bigos<br>-chleb ze smalcem<img loading=\"lazy\" decoding=\"async\" height=\"16\" width=\"16\" src=\"https:\/\/static.xx.fbcdn.net\/images\/emoji.php\/v9\/tdb\/1\/16\/1f35e.png\" alt=\"\ud83c\udf5e\"><br>-og\u00f3rki kiszone&nbsp;<img loading=\"lazy\" decoding=\"async\" height=\"16\" width=\"16\" src=\"https:\/\/static.xx.fbcdn.net\/images\/emoji.php\/v9\/tae\/1\/16\/1f952.png\" alt=\"\ud83e\udd52\"><br>-wino grzane&nbsp;<img loading=\"lazy\" decoding=\"async\" height=\"16\" width=\"16\" src=\"https:\/\/static.xx.fbcdn.net\/images\/emoji.php\/v9\/teb\/1\/16\/1f377.png\" alt=\"\ud83c\udf77\"><br>-herbata zwyk\u0142a\/g\u00f3ralska&nbsp;<img loading=\"lazy\" decoding=\"async\" height=\"16\" width=\"16\" src=\"https:\/\/static.xx.fbcdn.net\/images\/emoji.php\/v9\/te9\/1\/16\/1f375.png\" alt=\"\ud83c\udf75\"><br><mark style=\"background-color:rgba(0, 0, 0, 0)\" class=\"has-inline-color has-nv-c-2-color\">WSZYSTKO BEZ LIMITU<\/mark><br>-powr\u00f3t do punktu pocz\u0105tkowego<\/p>\n\n\n\n<p><strong>Cena<\/strong> : 150 z\u0142 od osoby doros\u0142ej, 140 z\u0142 od dziecka do 10 roku \u017cycia, dzieci do 4 roku \u017cycia bezp\u0142atnie (je\u015bli siedz\u0105 na kolanach u rodzic\u00f3w)<\/p>\n\n\n\n<p>Kliknij i <a href=\"mailto:speedytaxizako@gmail.com\" title=\"Speedy Taxi Zakopane\"><mark style=\"background-color:rgba(0, 0, 0, 0)\" class=\"has-inline-color has-nv-c-2-color\">napisz do nas<\/mark><\/a> albo <a href=\"tel:+48880395226\" title=\"\"><strong><mark style=\"background-color:rgba(0, 0, 0, 0)\" class=\"has-inline-color has-nv-c-1-color\">ZADZWO\u0143<\/mark><\/strong><\/a> \ud83d\ude42<\/p>\n\n\n\n<figure class=\"wp-block-gallery has-nested-images columns-default is-cropped wp-block-gallery-1 is-layout-flex wp-block-gallery-is-layout-flex\">\n<figure class=\"wp-block-image size-large\"><img loading=\"lazy\" decoding=\"async\" width=\"768\" height=\"1024\" data-id=\"444\" src=\"https:\/\/speedytaxizakopane.pl\/wp-content\/uploads\/2025\/01\/IMG-20250104-WA0001.jpg\" alt=\"\" class=\"wp-image-444\" srcset=\"https:\/\/speedytaxizakopane.pl\/wp-content\/uploads\/2025\/01\/IMG-20250104-WA0001.jpg 768w, https:\/\/speedytaxizakopane.pl\/wp-content\/uploads\/2025\/01\/IMG-20250104-WA0001-225x300.jpg 225w\" sizes=\"auto, (max-width: 768px) 100vw, 768px\" \/><\/figure>\n\n\n\n<figure class=\"wp-block-image size-large\"><img loading=\"lazy\" decoding=\"async\" width=\"461\" height=\"1024\" data-id=\"445\" src=\"https:\/\/speedytaxizakopane.pl\/wp-content\/uploads\/2025\/01\/IMG-20250104-WA0003.jpg\" alt=\"\" class=\"wp-image-445\" srcset=\"https:\/\/speedytaxizakopane.pl\/wp-content\/uploads\/2025\/01\/IMG-20250104-WA0003.jpg 461w, https:\/\/speedytaxizakopane.pl\/wp-content\/uploads\/2025\/01\/IMG-20250104-WA0003-135x300.jpg 135w\" sizes=\"auto, (max-width: 461px) 100vw, 461px\" \/><\/figure>\n\n\n\n<figure class=\"wp-block-image size-full\"><img loading=\"lazy\" decoding=\"async\" width=\"768\" height=\"1024\" data-id=\"447\" src=\"http:\/\/speedytaxizakopane.pl\/wp-content\/uploads\/2025\/01\/IMG-20250104-WA0008.jpg\" alt=\"\" class=\"wp-image-447\" srcset=\"https:\/\/speedytaxizakopane.pl\/wp-content\/uploads\/2025\/01\/IMG-20250104-WA0008.jpg 768w, https:\/\/speedytaxizakopane.pl\/wp-content\/uploads\/2025\/01\/IMG-20250104-WA0008-225x300.jpg 225w\" sizes=\"auto, (max-width: 768px) 100vw, 768px\" \/><\/figure>\n\n\n\n<figure class=\"wp-block-image size-large\"><img loading=\"lazy\" decoding=\"async\" width=\"762\" height=\"1024\" data-id=\"450\" src=\"https:\/\/speedytaxizakopane.pl\/wp-content\/uploads\/2025\/01\/IMG-20250104-WA0005.jpg\" alt=\"\" class=\"wp-image-450\" srcset=\"https:\/\/speedytaxizakopane.pl\/wp-content\/uploads\/2025\/01\/IMG-20250104-WA0005.jpg 762w, https:\/\/speedytaxizakopane.pl\/wp-content\/uploads\/2025\/01\/IMG-20250104-WA0005-223x300.jpg 223w\" sizes=\"auto, (max-width: 762px) 100vw, 762px\" \/><\/figure>\n\n\n\n<figure class=\"wp-block-image size-large\"><img loading=\"lazy\" decoding=\"async\" width=\"768\" height=\"1024\" data-id=\"448\" src=\"https:\/\/speedytaxizakopane.pl\/wp-content\/uploads\/2025\/01\/IMG-20250104-WA0006.jpg\" alt=\"\" class=\"wp-image-448\" srcset=\"https:\/\/speedytaxizakopane.pl\/wp-content\/uploads\/2025\/01\/IMG-20250104-WA0006.jpg 768w, https:\/\/speedytaxizakopane.pl\/wp-content\/uploads\/2025\/01\/IMG-20250104-WA0006-225x300.jpg 225w\" sizes=\"auto, (max-width: 768px) 100vw, 768px\" \/><\/figure>\n\n\n\n<figure class=\"wp-block-image size-large\"><img loading=\"lazy\" decoding=\"async\" width=\"768\" height=\"1024\" data-id=\"449\" src=\"https:\/\/speedytaxizakopane.pl\/wp-content\/uploads\/2025\/01\/IMG-20250104-WA0007.jpg\" alt=\"\" class=\"wp-image-449\" srcset=\"https:\/\/speedytaxizakopane.pl\/wp-content\/uploads\/2025\/01\/IMG-20250104-WA0007.jpg 768w, https:\/\/speedytaxizakopane.pl\/wp-content\/uploads\/2025\/01\/IMG-20250104-WA0007-225x300.jpg 225w\" sizes=\"auto, (max-width: 768px) 100vw, 768px\" \/><\/figure>\n\n\n\n<figure class=\"wp-block-image size-full\"><img loading=\"lazy\" decoding=\"async\" width=\"1024\" height=\"461\" data-id=\"446\" src=\"http:\/\/speedytaxizakopane.pl\/wp-content\/uploads\/2025\/01\/IMG-20250104-WA0004.jpg\" alt=\"\" class=\"wp-image-446\" srcset=\"https:\/\/speedytaxizakopane.pl\/wp-content\/uploads\/2025\/01\/IMG-20250104-WA0004.jpg 1024w, https:\/\/speedytaxizakopane.pl\/wp-content\/uploads\/2025\/01\/IMG-20250104-WA0004-300x135.jpg 300w, https:\/\/speedytaxizakopane.pl\/wp-content\/uploads\/2025\/01\/IMG-20250104-WA0004-768x346.jpg 768w\" sizes=\"auto, (max-width: 1024px) 100vw, 1024px\" \/><\/figure>\n<\/figure>\n","protected":false},"excerpt":{"rendered":"<p>Oferujemy r\u00f3wnie\u017c panoramiczny kulig brzegiem Bachledzkiego Wierchu! &nbsp;Program imprezy&nbsp;-odbi\u00f3r z wcze\u015bniej ustalonego miejsca&nbsp; (bezp\u0142atnie na terenie Zakopanego)-przeja\u017cd\u017cka saniami na punkt widokowy&nbsp;ok 1h-biesiada w ponad 160 letniej g\u00f3ralskiej izbie przy muzyce g\u00f3ralskiej na \u017cywo ok 1h-Pieczenie kie\u0142basek&nbsp;-bigos-chleb ze smalcem-og\u00f3rki kiszone&nbsp;-wino grzane&nbsp;-herbata zwyk\u0142a\/g\u00f3ralska&nbsp;WSZYSTKO BEZ LIMITU-powr\u00f3t do punktu pocz\u0105tkowego Cena : 150 z\u0142 od osoby doros\u0142ej, 140 z\u0142&hellip;&nbsp;<a href=\"https:\/\/speedytaxizakopane.pl\/index.php\/kuligi-zimowe\/\" class=\"\" rel=\"bookmark\">Czytaj dalej &raquo;<span class=\"screen-reader-text\">KULIGI ZIMOWE<\/span><\/a><\/p>\n","protected":false},"author":1,"featured_media":435,"parent":0,"menu_order":0,"comment_status":"closed","ping_status":"closed","template":"","meta":{"om_disable_all_campaigns":false,"_monsterinsights_skip_tracking":false,"_monsterinsights_sitenote_active":false,"_monsterinsights_sitenote_note":"","_monsterinsights_sitenote_category":0,"_uf_show_specific_survey":0,"_uf_disable_surveys":false,"neve_meta_sidebar":"","neve_meta_container":"","neve_meta_enable_content_width":"","neve_meta_content_width":0,"neve_meta_title_alignment":"","neve_meta_author_avatar":"","neve_post_elements_order":"","neve_meta_disable_header":"","neve_meta_disable_footer":"","neve_meta_disable_title":"","footnotes":""},"class_list":["post-434","page","type-page","status-publish","has-post-thumbnail","hentry"],"aioseo_notices":[],"_links":{"self":[{"href":"https:\/\/speedytaxizakopane.pl\/index.php\/wp-json\/wp\/v2\/pages\/434","targetHints":{"allow":["GET"]}}],"collection":[{"href":"https:\/\/speedytaxizakopane.pl\/index.php\/wp-json\/wp\/v2\/pages"}],"about":[{"href":"https:\/\/speedytaxizakopane.pl\/index.php\/wp-json\/wp\/v2\/types\/page"}],"author":[{"embeddable":true,"href":"https:\/\/speedytaxizakopane.pl\/index.php\/wp-json\/wp\/v2\/users\/1"}],"replies":[{"embeddable":true,"href":"https:\/\/speedytaxizakopane.pl\/index.php\/wp-json\/wp\/v2\/comments?post=434"}],"version-history":[{"count":4,"href":"https:\/\/speedytaxizakopane.pl\/index.php\/wp-json\/wp\/v2\/pages\/434\/revisions"}],"predecessor-version":[{"id":457,"href":"https:\/\/speedytaxizakopane.pl\/index.php\/wp-json\/wp\/v2\/pages\/434\/revisions\/457"}],"wp:featuredmedia":[{"embeddable":true,"href":"https:\/\/speedytaxizakopane.pl\/index.php\/wp-json\/wp\/v2\/media\/435"}],"wp:attachment":[{"href":"https:\/\/speedytaxizakopane.pl\/index.php\/wp-json\/wp\/v2\/media?parent=434"}],"curies":[{"name":"wp","href":"https:\/\/api.w.org\/{rel}","templated":true}]}}