{"id":6,"date":"2021-08-31T08:34:39","date_gmt":"2021-08-31T08:34:39","guid":{"rendered":"http:\/\/speedytaxizakopane.pl\/?page_id=6"},"modified":"2025-01-04T13:23:27","modified_gmt":"2025-01-04T13:23:27","slug":"start","status":"publish","type":"page","link":"https:\/\/speedytaxizakopane.pl\/","title":{"rendered":"Speedy Taxi Zakopane"},"content":{"rendered":"\n<div class=\"wp-block-cover alignfull is-light\" style=\"min-height:700px;aspect-ratio:unset;\"><span aria-hidden=\"true\" class=\"wp-block-cover__background has-background-dim-0 has-background-dim\"><\/span><img decoding=\"async\" class=\"wp-block-cover__image-background\" alt=\"\" src=\"http:\/\/speedytaxizakopane.pl\/wp-content\/themes\/neve\/assets\/img\/starter-content\/hero.jpg\" style=\"object-position:50% 64%\" data-object-fit=\"cover\" data-object-position=\"50% 64%\"\/><div class=\"wp-block-cover__inner-container is-layout-flow wp-block-cover-is-layout-flow\">\n<div style=\"height:80px\" aria-hidden=\"true\" class=\"wp-block-spacer\"><\/div>\n\n\n\n<h1 class=\"wp-block-heading has-text-align-center has-text-color\" style=\"color:#121212;font-size:60px\">TAXI ZAKOPANE<\/h1>\n\n\n\n<p class=\"has-text-align-center has-large-font-size\">\u2744\ufe0f<strong><a href=\"https:\/\/speedytaxizakopane.pl\/index.php\/kuligi-zimowe\/\" title=\"\"><mark style=\"background-color:rgba(0, 0, 0, 0)\" class=\"has-inline-color has-neve-link-hover-color-color\">KULIGI ZIMOWE<\/mark><\/a><\/strong>\u2744\ufe0f<\/p>\n\n\n\n<p class=\"has-text-align-center has-neve-link-color-color has-text-color\" style=\"font-size:24px\"><strong>Przew\u00f3z os\u00f3b na terenie ca\u0142ej Polski<\/strong><\/p>\n\n\n\n<p class=\"has-text-align-center has-neve-link-color-color has-text-color\" style=\"font-size:24px\"><strong>Dow\u00f3z na szlaki Tatrza\u0144skie<\/strong><br><strong>Transfery z<\/strong> <strong>i na lotnisko<\/strong><br><strong>Sp\u0142yw Dunajcem<br>Wycieczki jednodniowe<\/strong><\/p>\n\n\n\n<p class=\"has-text-align-center has-text-color\" style=\"color:#121212;font-size:28px\">1-8 os\u00f3b<\/p>\n\n\n\n<p class=\"has-text-align-center has-neve-link-hover-color-color has-text-color\" style=\"font-size:28px\"><strong>+48 660 746 166<\/strong><\/p>\n\n\n\n<p><\/p>\n\n\n\n<div class=\"wp-block-buttons is-horizontal is-content-justification-center is-layout-flex wp-container-core-buttons-is-layout-1 wp-block-buttons-is-layout-flex\">\n<div class=\"wp-block-button is-style-primary\"><a class=\"wp-block-button__link wp-element-button\" href=\"tel:+48660746166\">ZAM\u00d3W<\/a><\/div>\n\n\n\n<div class=\"wp-block-button is-style-secondary\"><a class=\"wp-block-button__link wp-element-button\" href=\"http:\/\/speedytaxizakopane.pl\/#cennik\">CENNIK<\/a><\/div>\n<\/div>\n\n\n\n<div style=\"height:80px\" aria-hidden=\"true\" class=\"wp-block-spacer\"><\/div>\n\n\n\n<div style=\"height:80px\" aria-hidden=\"true\" class=\"wp-block-spacer\"><\/div>\n<\/div><\/div>\n\n\n\n<div style=\"height:80px\" aria-hidden=\"true\" class=\"wp-block-spacer\"><\/div>\n\n\n\n<div class=\"wp-block-columns is-layout-flex wp-container-core-columns-is-layout-1 wp-block-columns-is-layout-flex\">\n<div class=\"wp-block-column is-layout-flow wp-block-column-is-layout-flow\"><div class=\"wp-block-image icon-style is-style-default\">\n<figure class=\"aligncenter size-full\"><img loading=\"lazy\" decoding=\"async\" width=\"42\" height=\"42\" src=\"http:\/\/speedytaxizakopane.pl\/wp-content\/uploads\/2021\/09\/call.png\" alt=\"\" class=\"wp-image-82\"\/><\/figure><\/div>\n\n\n<h3 class=\"wp-block-heading has-text-align-center has-neve-text-color-color has-text-color\">Zam\u00f3w tak jak lubisz<\/h3>\n\n\n\n<p class=\"has-text-align-center\"><strong>przez telefon<\/strong><\/p>\n\n\n\n<div class=\"wp-block-buttons is-layout-flex wp-block-buttons-is-layout-flex\">\n<div class=\"wp-block-button has-custom-width wp-block-button__width-100 qm-margin-bottom\"><a class=\"wp-block-button__link has-nv-text-dark-bg-color has-neve-link-hover-color-background-color has-text-color has-background wp-element-button\" href=\"tel:+48660746166\">Zam\u00f3w teraz<\/a><\/div>\n<\/div>\n\n\n\n<p class=\"has-text-align-center qm-margin-top-40\"><strong>przez Internet<\/strong><\/p>\n\n\n\n<div class=\"wp-block-buttons is-layout-flex wp-block-buttons-is-layout-flex\">\n<div class=\"wp-block-button has-custom-width wp-block-button__width-100 is-style-default\"><a class=\"wp-block-button__link has-neve-link-hover-color-background-color has-background wp-element-button\" href=\"tel:+48660746166\">Zam\u00f3w teraz<\/a><\/div>\n<\/div>\n\n\n\n<div style=\"height:20px\" aria-hidden=\"true\" class=\"wp-block-spacer\"><\/div>\n<\/div>\n\n\n\n<div class=\"wp-block-column is-layout-flow wp-block-column-is-layout-flow\"><div class=\"wp-block-image icon-style is-style-default\">\n<figure class=\"aligncenter size-full\"><img loading=\"lazy\" decoding=\"async\" width=\"42\" height=\"42\" src=\"http:\/\/speedytaxizakopane.pl\/wp-content\/uploads\/2021\/09\/add.png\" alt=\"\" class=\"wp-image-81\"\/><\/figure><\/div>\n\n\n<h3 class=\"wp-block-heading has-text-align-center has-neve-text-color-color has-text-color\">Us\u0142ugi dodatkowe<\/h3>\n\n\n\n<p class=\"has-text-align-center\">zakupy przez telefon przez ca\u0142\u0105 dob\u0119<\/p>\n\n\n\n<p class=\"has-text-align-center\">wycieczki jednodniowe<\/p>\n\n\n\n<p class=\"has-text-align-center\">obs\u0142uga imprez<\/p>\n\n\n\n<p class=\"has-text-align-center\">przewozy VIP<\/p>\n\n\n\n<p class=\"has-text-align-center\">zlecenia indywidualne<\/p>\n\n\n\n<p class=\"has-text-align-center\">minibusy dla 8 pasa\u017cer\u00f3w<\/p>\n\n\n\n<p class=\"has-text-align-center\">reklama na samochodach<\/p>\n\n\n\n<div style=\"height:20px\" aria-hidden=\"true\" class=\"wp-block-spacer\"><\/div>\n<\/div>\n\n\n\n<div class=\"wp-block-column is-layout-flow wp-block-column-is-layout-flow\"><div class=\"wp-block-image icon-style is-style-rounded\">\n<figure class=\"aligncenter size-full\"><img loading=\"lazy\" decoding=\"async\" width=\"42\" height=\"42\" src=\"http:\/\/speedytaxizakopane.pl\/wp-content\/uploads\/2021\/09\/payments.png\" alt=\"\" class=\"wp-image-84\"\/><\/figure><\/div>\n\n\n<h3 class=\"wp-block-heading has-text-align-center has-neve-text-color-color has-text-color\">Dogodne formy rozlicze\u0144<\/h3>\n\n\n\n<p class=\"has-text-align-center\">obs\u0142uga kart p\u0142atniczych<\/p>\n\n\n\n<p class=\"has-text-align-center\">karty sta\u0142ego klienta<\/p>\n\n\n\n<p><\/p>\n\n\n\n<div style=\"height:20px\" aria-hidden=\"true\" class=\"wp-block-spacer\"><\/div>\n\n\n\n<p><\/p>\n<\/div>\n<\/div>\n\n\n\n<div style=\"height:80px\" aria-hidden=\"true\" class=\"wp-block-spacer\"><\/div>\n\n\n\n<div class=\"wp-block-cover alignfull\" style=\"min-height:600px;aspect-ratio:unset;\"><span aria-hidden=\"true\" class=\"wp-block-cover__background has-nv-light-bg-background-color has-background-dim-100 has-background-dim\"><\/span><div class=\"wp-block-cover__inner-container is-layout-flow wp-block-cover-is-layout-flow\">\n<div class=\"wp-block-group\"><div class=\"wp-block-group__inner-container is-layout-flow wp-block-group-is-layout-flow\">\n<div style=\"height:80px\" aria-hidden=\"true\" class=\"wp-block-spacer\"><\/div>\n\n\n\n<div class=\"wp-block-columns are-vertically-aligned-center is-layout-flex wp-container-core-columns-is-layout-2 wp-block-columns-is-layout-flex\">\n<div class=\"wp-block-column is-vertically-aligned-center is-layout-flow wp-block-column-is-layout-flow\" style=\"flex-basis:50%\">\n<figure class=\"wp-block-image size-full\"><img loading=\"lazy\" decoding=\"async\" width=\"600\" height=\"600\" src=\"http:\/\/speedytaxizakopane.pl\/wp-content\/uploads\/2021\/09\/splyw_dunajca_1.jpg\" alt=\"Sp\u0142yw dunajca - Speedy Taxi Zakopane\" class=\"wp-image-43\" srcset=\"https:\/\/speedytaxizakopane.pl\/wp-content\/uploads\/2021\/09\/splyw_dunajca_1.jpg 600w, https:\/\/speedytaxizakopane.pl\/wp-content\/uploads\/2021\/09\/splyw_dunajca_1-300x300.jpg 300w, https:\/\/speedytaxizakopane.pl\/wp-content\/uploads\/2021\/09\/splyw_dunajca_1-150x150.jpg 150w\" sizes=\"auto, (max-width: 600px) 100vw, 600px\" \/><figcaption class=\"wp-element-caption\">Sp\u0142yw dunajca &#8211; Speedy Taxi Zakopane<\/figcaption><\/figure>\n<\/div>\n\n\n\n<div class=\"wp-block-column is-vertically-aligned-center is-layout-flow wp-block-column-is-layout-flow\" style=\"flex-basis:50%\">\n<div style=\"height:20px\" aria-hidden=\"true\" class=\"wp-block-spacer\"><\/div>\n\n\n\n<h2 class=\"wp-block-heading has-text-align-left has-neve-text-color-color has-text-color\">Sp\u0142yw Dunajcem<\/h2>\n\n\n\n<p class=\"has-text-align-left has-neve-text-color-color has-text-color\" style=\"font-size:17px\">Zapraszamy na ca\u0142odniow\u0105 wycieczk\u0119 na sp\u0142yw Dunajcem busami 9 osobowymi, nie autokarem!<\/p>\n\n\n\n<div class=\"wp-block-buttons is-horizontal is-content-justification-left is-layout-flex wp-container-core-buttons-is-layout-4 wp-block-buttons-is-layout-flex\">\n<div class=\"wp-block-button is-style-primary\"><a class=\"wp-block-button__link wp-element-button\" href=\"http:\/\/speedytaxizakopane.pl\/index.php\/splyw-dunajcem\/\">ZOBACZ WI\u0118CEJ<\/a><\/div>\n<\/div>\n<\/div>\n<\/div>\n\n\n\n<div style=\"height:40px\" aria-hidden=\"true\" class=\"wp-block-spacer\"><\/div>\n<\/div><\/div>\n<\/div><\/div>\n\n\n\n<div class=\"wp-block-cover alignfull\" style=\"min-height:600px;aspect-ratio:unset;\"><span aria-hidden=\"true\" class=\"wp-block-cover__background has-nv-site-bg-background-color has-background-dim-100 has-background-dim\"><\/span><div class=\"wp-block-cover__inner-container is-layout-flow wp-block-cover-is-layout-flow\">\n<div class=\"wp-block-group\"><div class=\"wp-block-group__inner-container is-layout-flow wp-block-group-is-layout-flow\">\n<div style=\"height:80px\" aria-hidden=\"true\" class=\"wp-block-spacer\"><\/div>\n\n\n\n<div class=\"wp-block-columns are-vertically-aligned-center is-layout-flex wp-container-core-columns-is-layout-3 wp-block-columns-is-layout-flex\">\n<div class=\"wp-block-column is-vertically-aligned-center is-layout-flow wp-block-column-is-layout-flow\" style=\"flex-basis:50%\">\n<h2 class=\"wp-block-heading has-text-align-left has-neve-text-color-color has-text-color\">Wycieczki jednodniowe<\/h2>\n\n\n\n<p class=\"has-text-align-left has-neve-text-color-color has-text-color\" style=\"font-size:17px\">Oferujemy szerok\u0105 ofert\u0119 wycieczek jednodniowych. Na terenie Polski i S\u0142owacji<\/p>\n\n\n\n<div class=\"wp-block-buttons is-horizontal is-content-justification-left is-layout-flex wp-container-core-buttons-is-layout-5 wp-block-buttons-is-layout-flex\">\n<div class=\"wp-block-button is-style-primary\"><a class=\"wp-block-button__link wp-element-button\" href=\"http:\/\/speedytaxizakopane.pl\/index.php\/kuligi\/\">ZOBACZ WI\u0118CEJ<\/a><\/div>\n<\/div>\n\n\n\n<div style=\"height:40px\" aria-hidden=\"true\" class=\"wp-block-spacer\"><\/div>\n<\/div>\n\n\n\n<div class=\"wp-block-column is-vertically-aligned-center is-layout-flow wp-block-column-is-layout-flow\" style=\"flex-basis:50%\">\n<div class=\"wp-block-cover is-light\"><span aria-hidden=\"true\" class=\"wp-block-cover__background has-background-dim\"><\/span><img loading=\"lazy\" decoding=\"async\" width=\"848\" height=\"400\" class=\"wp-block-cover__image-background wp-image-218\" alt=\"\" src=\"http:\/\/speedytaxizakopane.pl\/wp-content\/uploads\/2022\/07\/20191003_141926.jpg\" data-object-fit=\"cover\" srcset=\"https:\/\/speedytaxizakopane.pl\/wp-content\/uploads\/2022\/07\/20191003_141926.jpg 848w, https:\/\/speedytaxizakopane.pl\/wp-content\/uploads\/2022\/07\/20191003_141926-300x142.jpg 300w, https:\/\/speedytaxizakopane.pl\/wp-content\/uploads\/2022\/07\/20191003_141926-768x362.jpg 768w\" sizes=\"auto, (max-width: 848px) 100vw, 848px\" \/><div class=\"wp-block-cover__inner-container is-layout-flow wp-block-cover-is-layout-flow\">\n<p class=\"has-large-font-size\"><\/p>\n<\/div><\/div>\n\n\n\n<p>Spacer koronami drzew \/ Bachledka<\/p>\n<\/div>\n<\/div>\n\n\n\n<div style=\"height:40px\" aria-hidden=\"true\" class=\"wp-block-spacer\"><\/div>\n<\/div><\/div>\n<\/div><\/div>\n\n\n\n<div class=\"wp-block-cover alignfull\" style=\"min-height:600px;aspect-ratio:unset;\" id=\"cennik\"><span aria-hidden=\"true\" class=\"wp-block-cover__background has-neve-link-hover-color-background-color has-background-dim-100 has-background-dim\"><\/span><div class=\"wp-block-cover__inner-container is-layout-flow wp-block-cover-is-layout-flow\">\n<div class=\"wp-block-group\"><div class=\"wp-block-group__inner-container is-layout-flow wp-block-group-is-layout-flow\">\n<div style=\"height:80px\" aria-hidden=\"true\" class=\"wp-block-spacer\"><\/div>\n\n\n\n<div class=\"wp-block-columns are-vertically-aligned-center is-layout-flex wp-container-core-columns-is-layout-4 wp-block-columns-is-layout-flex\">\n<div class=\"wp-block-column is-vertically-aligned-center is-layout-flow wp-block-column-is-layout-flow\" style=\"flex-basis:50%\">\n<h2 class=\"wp-block-heading has-text-align-left has-neve-link-color-color has-text-color\">Cennik<\/h2>\n\n\n\n<p><\/p>\n\n\n\n<div class=\"wp-block-buttons is-layout-flex wp-block-buttons-is-layout-flex\">\n<div class=\"wp-block-button\"><a class=\"wp-block-button__link wp-element-button\" href=\"speedytaxizakopane.pl\/#kontakt\" target=\"_blank\" rel=\"noreferrer noopener\">Zobacz WI\u0118CEJ<\/a><\/div>\n<\/div>\n\n\n\n<figure class=\"wp-block-table\"><table class=\"has-neve-link-color-color has-text-color\"><tbody><tr><td>Op\u0142ata pocz\u0105tkowa<\/td><td>12 z\u0142<\/td><\/tr><tr><td>Taryfa 1<\/td><td>8 z\u0142<\/td><\/tr><tr><td>Taryfa 2<\/td><td>10 z\u0142<\/td><\/tr><tr><td>Taryfa 3<\/td><td>12 z\u0142<\/td><\/tr><tr><td>Taryfa 4<\/td><td>14 z\u0142<\/td><\/tr><tr><td>Op\u0142ata godzinowa<\/td><td>100 z\u0142<\/td><\/tr><\/tbody><\/table><figcaption class=\"wp-element-caption\"><a href=\"https:\/\/speedytaxizakopane.pl\/#kontakt\" target=\"_blank\" rel=\"noopener\" title=\"Zapytaj indywidualn\u0105 wycen\u0119\">Speedy Taxi Zakopane<\/a><\/figcaption><\/figure>\n<\/div>\n\n\n\n<div class=\"wp-block-column is-layout-flow wp-block-column-is-layout-flow\" style=\"flex-basis:50%\">\n<figure class=\"wp-block-image size-full\"><img loading=\"lazy\" decoding=\"async\" width=\"800\" height=\"800\" src=\"http:\/\/speedytaxizakopane.pl\/wp-content\/uploads\/2021\/09\/speedy_taxi_zakopane.png\" alt=\"\" class=\"wp-image-143\" srcset=\"https:\/\/speedytaxizakopane.pl\/wp-content\/uploads\/2021\/09\/speedy_taxi_zakopane.png 800w, https:\/\/speedytaxizakopane.pl\/wp-content\/uploads\/2021\/09\/speedy_taxi_zakopane-300x300.png 300w, https:\/\/speedytaxizakopane.pl\/wp-content\/uploads\/2021\/09\/speedy_taxi_zakopane-150x150.png 150w, https:\/\/speedytaxizakopane.pl\/wp-content\/uploads\/2021\/09\/speedy_taxi_zakopane-768x768.png 768w\" sizes=\"auto, (max-width: 800px) 100vw, 800px\" \/><figcaption class=\"wp-element-caption\">Dawid Jarz\u0105bek &#8211; Speedy Taxi Zakopane<\/figcaption><\/figure>\n<\/div>\n<\/div>\n\n\n\n<div style=\"height:40px\" aria-hidden=\"true\" class=\"wp-block-spacer\"><\/div>\n<\/div><\/div>\n<\/div><\/div>\n\n\n\n<div class=\"wp-block-cover alignfull\" style=\"min-height:600px;aspect-ratio:unset;\" id=\"kontakt\"><span aria-hidden=\"true\" class=\"wp-block-cover__background has-neve-link-color-background-color has-background-dim-100 has-background-dim\"><\/span><div class=\"wp-block-cover__inner-container is-layout-flow wp-block-cover-is-layout-flow\">\n<div class=\"wp-block-group\"><div class=\"wp-block-group__inner-container is-layout-flow wp-block-group-is-layout-flow\">\n<div style=\"height:80px\" aria-hidden=\"true\" class=\"wp-block-spacer\"><\/div>\n\n\n\n<div class=\"wp-block-columns are-vertically-aligned-center is-layout-flex wp-container-core-columns-is-layout-5 wp-block-columns-is-layout-flex\">\n<div class=\"wp-block-column is-vertically-aligned-center is-layout-flow wp-block-column-is-layout-flow\" style=\"flex-basis:50%\">\n<figure class=\"wp-block-image size-large\"><img loading=\"lazy\" decoding=\"async\" width=\"1024\" height=\"768\" src=\"https:\/\/speedytaxizakopane.pl\/wp-content\/uploads\/2024\/04\/7f74a890-a141-4dc5-bdef-37676a1d1e3b-1024x768.jpg\" alt=\"\" class=\"wp-image-406\" srcset=\"https:\/\/speedytaxizakopane.pl\/wp-content\/uploads\/2024\/04\/7f74a890-a141-4dc5-bdef-37676a1d1e3b-1024x768.jpg 1024w, https:\/\/speedytaxizakopane.pl\/wp-content\/uploads\/2024\/04\/7f74a890-a141-4dc5-bdef-37676a1d1e3b-300x225.jpg 300w, https:\/\/speedytaxizakopane.pl\/wp-content\/uploads\/2024\/04\/7f74a890-a141-4dc5-bdef-37676a1d1e3b-768x576.jpg 768w, https:\/\/speedytaxizakopane.pl\/wp-content\/uploads\/2024\/04\/7f74a890-a141-4dc5-bdef-37676a1d1e3b-1536x1152.jpg 1536w, https:\/\/speedytaxizakopane.pl\/wp-content\/uploads\/2024\/04\/7f74a890-a141-4dc5-bdef-37676a1d1e3b.jpg 2000w\" sizes=\"auto, (max-width: 1024px) 100vw, 1024px\" \/><figcaption class=\"wp-element-caption\">Speedy Taxi Zakopane<\/figcaption><\/figure>\n<\/div>\n\n\n\n<div class=\"wp-block-column is-vertically-aligned-center is-layout-flow wp-block-column-is-layout-flow\" style=\"flex-basis:50%\">\n<h2 class=\"wp-block-heading has-text-align-left has-nv-text-dark-bg-color has-text-color\">Dawid Jarz\u0105bek<\/h2>\n\n\n\n<p class=\"has-text-align-left has-nv-text-dark-bg-color has-text-color\" style=\"font-size:17px\"><strong>+48 660 746 166<\/strong><\/p>\n\n\n\n<div class=\"wp-block-buttons is-layout-flex wp-block-buttons-is-layout-flex\">\n<div class=\"wp-block-button has-custom-width wp-block-button__width-50\"><a class=\"wp-block-button__link has-neve-link-color-color has-neve-link-hover-color-background-color has-text-color has-background wp-element-button\" href=\"tel:+48660746166\">ZADZWO\u0143<\/a><\/div>\n<\/div>\n\n\n\n<hr class=\"wp-block-separator has-css-opacity\"\/>\n\n\n\n<p class=\"has-text-align-left has-nv-text-dark-bg-color has-text-color\" style=\"font-size:17px\">speedytaxizako@gmail.com<\/p>\n\n\n\n<div class=\"wp-block-buttons is-horizontal is-content-justification-left is-layout-flex wp-container-core-buttons-is-layout-8 wp-block-buttons-is-layout-flex\">\n<div class=\"wp-block-button has-custom-width wp-block-button__width-50 is-style-default\"><a class=\"wp-block-button__link has-nv-site-bg-color has-nv-c-2-background-color has-text-color has-background wp-element-button\" href=\"mailto:speedytaxizako@gmail.com\">NAPISZ<\/a><\/div>\n<\/div>\n\n\n\n<hr class=\"wp-block-separator has-css-opacity\"\/>\n\n\n\n<p class=\"has-text-align-left has-nv-text-dark-bg-color has-text-color\" style=\"font-size:17px\">facebook.com\/speedytaxizako<\/p>\n\n\n\n<div class=\"wp-block-buttons is-layout-flex wp-block-buttons-is-layout-flex\">\n<div class=\"wp-block-button has-custom-width wp-block-button__width-50\"><a class=\"wp-block-button__link has-background wp-element-button\" href=\"https:\/\/www.facebook.com\/speedytaxizako\" style=\"background-color:#047fb3\" target=\"_blank\" rel=\"noreferrer noopener\">FACEBOOK<\/a><\/div>\n<\/div>\n<\/div>\n<\/div>\n\n\n\n<div style=\"height:40px\" aria-hidden=\"true\" class=\"wp-block-spacer\"><\/div>\n<\/div><\/div>\n<\/div><\/div>\n\n\n\n<div class=\"wp-block-columns is-layout-flex wp-container-core-columns-is-layout-6 wp-block-columns-is-layout-flex\">\n<div class=\"wp-block-column is-layout-flow wp-block-column-is-layout-flow\" style=\"flex-basis:100%\">\n<div style=\"height:40px\" aria-hidden=\"true\" class=\"wp-block-spacer\"><\/div>\n<\/div>\n<\/div>\n","protected":false},"excerpt":{"rendered":"<p>Zam\u00f3w tak jak lubisz przez telefon przez Internet Us\u0142ugi dodatkowe zakupy przez telefon przez ca\u0142\u0105 dob\u0119 wycieczki jednodniowe obs\u0142uga imprez przewozy VIP zlecenia indywidualne minibusy dla 8 pasa\u017cer\u00f3w reklama na samochodach Dogodne formy rozlicze\u0144 obs\u0142uga kart p\u0142atniczych karty sta\u0142ego klienta<\/p>\n","protected":false},"author":1,"featured_media":0,"parent":0,"menu_order":0,"comment_status":"closed","ping_status":"closed","template":"","meta":{"om_disable_all_campaigns":false,"_monsterinsights_skip_tracking":false,"_monsterinsights_sitenote_active":false,"_monsterinsights_sitenote_note":"","_monsterinsights_sitenote_category":0,"_uf_show_specific_survey":0,"_uf_disable_surveys":false,"neve_meta_sidebar":"","neve_meta_container":"","neve_meta_enable_content_width":"on","neve_meta_content_width":100,"neve_meta_title_alignment":"","neve_meta_author_avatar":"","neve_post_elements_order":"","neve_meta_disable_header":"","neve_meta_disable_footer":"","neve_meta_disable_title":"on","footnotes":""},"class_list":["post-6","page","type-page","status-publish","hentry"],"aioseo_notices":[],"_links":{"self":[{"href":"https:\/\/speedytaxizakopane.pl\/index.php\/wp-json\/wp\/v2\/pages\/6","targetHints":{"allow":["GET"]}}],"collection":[{"href":"https:\/\/speedytaxizakopane.pl\/index.php\/wp-json\/wp\/v2\/pages"}],"about":[{"href":"https:\/\/speedytaxizakopane.pl\/index.php\/wp-json\/wp\/v2\/types\/page"}],"author":[{"embeddable":true,"href":"https:\/\/speedytaxizakopane.pl\/index.php\/wp-json\/wp\/v2\/users\/1"}],"replies":[{"embeddable":true,"href":"https:\/\/speedytaxizakopane.pl\/index.php\/wp-json\/wp\/v2\/comments?post=6"}],"version-history":[{"count":82,"href":"https:\/\/speedytaxizakopane.pl\/index.php\/wp-json\/wp\/v2\/pages\/6\/revisions"}],"predecessor-version":[{"id":455,"href":"https:\/\/speedytaxizakopane.pl\/index.php\/wp-json\/wp\/v2\/pages\/6\/revisions\/455"}],"wp:attachment":[{"href":"https:\/\/speedytaxizakopane.pl\/index.php\/wp-json\/wp\/v2\/media?parent=6"}],"curies":[{"name":"wp","href":"https:\/\/api.w.org\/{rel}","templated":true}]}}